{"id":356,"date":"2025-01-16T10:12:30","date_gmt":"2025-01-16T10:12:30","guid":{"rendered":"https:\/\/na-morze.com\/?page_id=356"},"modified":"2025-01-16T10:12:30","modified_gmt":"2025-01-16T10:12:30","slug":"zwroty","status":"publish","type":"page","link":"https:\/\/na-morze.com\/?page_id=356","title":{"rendered":"Polityka zwrot\u00f3w i reklamacji"},"content":{"rendered":"\n<p><strong>Sk\u0142adanie reklamacji<br><\/strong>W celu z\u0142o\u017cenia reklamacji, prosimy post\u0119powa\u0107 zgodnie z poni\u017cszymi krokami:<\/p>\n\n\n\n<p><em>1. Formularz zwrotu\/reklamacji<\/em><br>Wype\u0142ni\u0107&nbsp;formularz zwrotu\/reklamacji i do\u0142\u0105czy\u0107 go do przesy\u0142ki. Dokument powinien zawiera\u0107&nbsp;nast\u0119puj\u0105ce dane: imi\u0119 i nazwisko, adres e-mail lub adres do korespondencji, nr telefonu, wskazanie numeru produktu i przyczyna reklamacji, data zakupu oraz wyst\u0105pienia wady.<br><br><em>2.Odes\u0142anie produktu<\/em><br>Sk\u0142adaj\u0105c reklamacj\u0119 prosimy o odes\u0142anie produktu wraz ze wszystkimi jego akcesoriami oraz kopi\u0105 faktury zakupu.<br><br><em>3. Wysy\u0142ka<\/em><br>Reklamowany produkt nale\u017cy&nbsp;wys\u0142a\u0107 na adres:<br><br><strong>Palarnia CafeMia<\/strong><br><strong>Skrzeszewo 117<br><\/strong><strong>83-330 \u017bUKOWO<\/strong><br><br>Uwaga! Mo\u017cna te\u017c skontaktowa\u0107 si\u0119 z naszym Biurem Obs\u0142ugi Klienta, w\u00f3wczas sami odbierzemy reklamowany produkt od Pa\u0144stwa.<strong><\/strong><\/p>\n\n\n\n<p><strong>Zwrot towaru<br><\/strong>Zgodnie z obowi\u0105zuj\u0105cym prawem,&nbsp;macie Pa\u0144stwo 14 dni na zwrot towaru. Aby odst\u0105pi\u0107 od umowy i zwr\u00f3ci\u0107 zakupiony u nas produkt,&nbsp;prosz\u0119 wype\u0142ni\u0107 potrzebne o\u015bwiadczenie i&nbsp;wys\u0142a\u0107 go na nasz adres wraz ze zwracanym produktem\/produktami:&nbsp;<\/p>\n\n\n\n<p><strong>Palarnia CafeMia<\/strong><br><strong>Skrzeszewo 117<br><\/strong><strong>83-330 \u017bUKOWO<\/strong><\/p>\n\n\n\n<p>Do paczki z o\u015bwiadczeniem i zwracanym produktem\/produktami do\u0142\u0105czy\u0107 nale\u017cy tak\u017ce wszystkie otrzymane z nim\/nimi akcesoria oraz&nbsp;paragon lub faktur\u0119.<strong><\/strong><\/p>\n\n\n\n<p><\/p>\n","protected":false},"excerpt":{"rendered":"<p>Sk\u0142adanie reklamacjiW celu z\u0142o\u017cenia reklamacji, prosimy post\u0119powa\u0107 zgodnie z poni\u017cszymi krokami: 1. Formularz zwrotu\/reklamacjiWype\u0142ni\u0107&nbsp;formularz zwrotu\/reklamacji i do\u0142\u0105czy\u0107 go do przesy\u0142ki. [&hellip;]<\/p>\n","protected":false},"author":1,"featured_media":0,"parent":0,"menu_order":0,"comment_status":"closed","ping_status":"closed","template":"","meta":{"_surecart_dashboard_logo_width":"180px","_surecart_dashboard_show_logo":true,"_surecart_dashboard_navigation_orders":true,"_surecart_dashboard_navigation_invoices":true,"_surecart_dashboard_navigation_subscriptions":true,"_surecart_dashboard_navigation_downloads":true,"_surecart_dashboard_navigation_billing":true,"_surecart_dashboard_navigation_account":true,"_uag_custom_page_level_css":"","site-sidebar-layout":"default","site-content-layout":"","ast-site-content-layout":"default","site-content-style":"default","site-sidebar-style":"default","ast-global-header-display":"","ast-banner-title-visibility":"","ast-main-header-display":"","ast-hfb-above-header-display":"","ast-hfb-below-header-display":"","ast-hfb-mobile-header-display":"","site-post-title":"","ast-breadcrumbs-content":"","ast-featured-img":"","footer-sml-layout":"","theme-transparent-header-meta":"","adv-header-id-meta":"","stick-header-meta":"","header-above-stick-meta":"","header-main-stick-meta":"","header-below-stick-meta":"","astra-migrate-meta-layouts":"default","ast-page-background-enabled":"default","ast-page-background-meta":{"desktop":{"background-color":"var(--ast-global-color-4)","background-image":"","background-repeat":"repeat","background-position":"center center","background-size":"auto","background-attachment":"scroll","background-type":"","background-media":"","overlay-type":"","overlay-color":"","overlay-opacity":"","overlay-gradient":""},"tablet":{"background-color":"","background-image":"","background-repeat":"repeat","background-position":"center center","background-size":"auto","background-attachment":"scroll","background-type":"","background-media":"","overlay-type":"","overlay-color":"","overlay-opacity":"","overlay-gradient":""},"mobile":{"background-color":"","background-image":"","background-repeat":"repeat","background-position":"center center","background-size":"auto","background-attachment":"scroll","background-type":"","background-media":"","overlay-type":"","overlay-color":"","overlay-opacity":"","overlay-gradient":""}},"ast-content-background-meta":{"desktop":{"background-color":"var(--ast-global-color-5)","background-image":"","background-repeat":"repeat","background-position":"center center","background-size":"auto","background-attachment":"scroll","background-type":"","background-media":"","overlay-type":"","overlay-color":"","overlay-opacity":"","overlay-gradient":""},"tablet":{"background-color":"var(--ast-global-color-5)","background-image":"","background-repeat":"repeat","background-position":"center center","background-size":"auto","background-attachment":"scroll","background-type":"","background-media":"","overlay-type":"","overlay-color":"","overlay-opacity":"","overlay-gradient":""},"mobile":{"background-color":"var(--ast-global-color-5)","background-image":"","background-repeat":"repeat","background-position":"center center","background-size":"auto","background-attachment":"scroll","background-type":"","background-media":"","overlay-type":"","overlay-color":"","overlay-opacity":"","overlay-gradient":""}},"footnotes":""},"class_list":["post-356","page","type-page","status-publish","hentry"],"uagb_featured_image_src":{"full":false,"thumbnail":false,"medium":false,"medium_large":false,"large":false,"1536x1536":false,"2048x2048":false,"woocommerce_thumbnail":false,"woocommerce_single":false,"woocommerce_gallery_thumbnail":false},"uagb_author_info":{"display_name":"Monika","author_link":"https:\/\/na-morze.com\/?author=1"},"uagb_comment_info":0,"uagb_excerpt":"Sk\u0142adanie reklamacjiW celu z\u0142o\u017cenia reklamacji, prosimy post\u0119powa\u0107 zgodnie z poni\u017cszymi krokami: 1. Formularz zwrotu\/reklamacjiWype\u0142ni\u0107&nbsp;formularz zwrotu\/reklamacji i do\u0142\u0105czy\u0107 go do przesy\u0142ki. [&hellip;]","jetpack_sharing_enabled":true,"_links":{"self":[{"href":"https:\/\/na-morze.com\/index.php?rest_route=\/wp\/v2\/pages\/356","targetHints":{"allow":["GET"]}}],"collection":[{"href":"https:\/\/na-morze.com\/index.php?rest_route=\/wp\/v2\/pages"}],"about":[{"href":"https:\/\/na-morze.com\/index.php?rest_route=\/wp\/v2\/types\/page"}],"author":[{"embeddable":true,"href":"https:\/\/na-morze.com\/index.php?rest_route=\/wp\/v2\/users\/1"}],"replies":[{"embeddable":true,"href":"https:\/\/na-morze.com\/index.php?rest_route=%2Fwp%2Fv2%2Fcomments&post=356"}],"version-history":[{"count":0,"href":"https:\/\/na-morze.com\/index.php?rest_route=\/wp\/v2\/pages\/356\/revisions"}],"wp:attachment":[{"href":"https:\/\/na-morze.com\/index.php?rest_route=%2Fwp%2Fv2%2Fmedia&parent=356"}],"curies":[{"name":"wp","href":"https:\/\/api.w.org\/{rel}","templated":true}]}}