{"id":3,"date":"2025-01-13T08:05:07","date_gmt":"2025-01-13T08:05:07","guid":{"rendered":"http:\/\/na-morze.com\/?page_id=3"},"modified":"2025-01-17T10:08:53","modified_gmt":"2025-01-17T10:08:53","slug":"polityka-prywatnosci","status":"publish","type":"page","link":"https:\/\/na-morze.com\/?page_id=3","title":{"rendered":"Polityka prywatno\u015bci"},"content":{"rendered":"\n<p>Polityka prywatno\u015bci<\/p>\n\n\n\n<p><strong>1. WPROWADZENIE<\/strong><\/p>\n\n\n\n<p>1.1 Administratorem danych osobowych zbieranych za po\u015brednictwem Sklepu Internetowego cafemia.pl jest Anna Muth prowadz\u0105ca&nbsp; dzia\u0142alno\u015b\u0107 gospodarcz\u0105 pod&nbsp; firm\u0105 DALGAREN -TRADE Anna Muth, zwan\u0105 dalej Sprzedawc\u0105\/Administratorem. &nbsp;<\/p>\n\n\n\n<p>Dane przedsi\u0119biorstwa:<\/p>\n\n\n\n<p><strong>DALGAREN-TRADE Anna Muth<\/strong><br>ul. Orfeusza 40\/3 80-299 GDA\u0143SK<br>NIP: 7811093772, REGON: 192663480<br>adres do korespondencji:<br>ul. Abrahama 20\/2&nbsp; 81-352 GDYNIA<\/p>\n\n\n\n<p>Kontakt telefoniczny od poniedzia\u0142ku do pi\u0105tku w godz. 08:00-16:00 &#8211; +48 794 000 117 lub +48 794 000 114&nbsp; &nbsp; &nbsp;(w sytuacjach wyj\u0105tkowych)&nbsp;<br>Kontakt e-mail: kontakt@cafemia.pl<\/p>\n\n\n\n<p>1.2 Dane osobowe Klient\u00f3w s\u0105 przetwarzane zgodnie z RODO tzn.&nbsp;Rozporz\u0105dzeniem Parlamentu Europejskiego i Rady (UE) 2016\/679 z dnia 27 kwietnia 2016 r. w sprawie ochrony os\u00f3b fizycznych w zwi\u0105zku z przetwarzaniem danych osobowych i w sprawie swobodnego przep\u0142ywu takich danych oraz uchylenia Dyrektywy 95\/46\/WE (Og\u00f3lne Rozporz\u0105dzenie o Ochronie Danych).<\/p>\n\n\n\n<p>&nbsp;1.3 Administrator&nbsp; dok\u0142ada&nbsp; szczeg\u00f3lnej&nbsp; staranno\u015bci&nbsp; w&nbsp; celu&nbsp; ochrony&nbsp; interes\u00f3w&nbsp; os\u00f3b,&nbsp; kt\u00f3rych&nbsp; dane&nbsp; dotycz\u0105,&nbsp; a&nbsp; w szczeg\u00f3lno\u015bci&nbsp; zapewnia,&nbsp; \u017ce&nbsp; zbierane&nbsp; przez&nbsp; niego&nbsp; dane&nbsp; s\u0105 przetwarzane&nbsp; zgodnie&nbsp; z&nbsp; prawem;&nbsp; zbierane&nbsp; dla oznaczonych,&nbsp; zgodnych&nbsp; z&nbsp; prawem&nbsp; cel\u00f3w&nbsp; i&nbsp; niepoddawane dalszemu&nbsp; przetwarzaniu&nbsp; niezgodnemu&nbsp; z&nbsp; tymi&nbsp; celami; merytorycznie&nbsp; poprawne&nbsp; i&nbsp; adekwatne&nbsp; w&nbsp; stosunku&nbsp; do&nbsp; cel\u00f3w,&nbsp; w&nbsp; jakich&nbsp; s\u0105 przetwarzane&nbsp; oraz&nbsp; przechowywane&nbsp; w postaci&nbsp; umo\u017cliwiaj\u0105cej&nbsp; identyfikacj\u0119 os\u00f3b,&nbsp; kt\u00f3rych&nbsp; dotycz\u0105,&nbsp; nie&nbsp; d\u0142u\u017cej&nbsp; ni\u017c jest&nbsp; to&nbsp; niezb\u0119dne&nbsp; do&nbsp; osi\u0105gni\u0119cia&nbsp; celu przetwarzania.<\/p>\n\n\n\n<p><strong>2.&nbsp; CEL I ZAKRES ZBIERANIA DANYCH<\/strong><\/p>\n\n\n\n<p>2.1.&nbsp; Celem zbierania danych osobowych przez Administratora jest:<\/p>\n\n\n\n<p>2.1.1.&nbsp; nawi\u0105zanie,&nbsp; ukszta\u0142towanie&nbsp; tre\u015bci,&nbsp; zmiana,&nbsp; wykonanie&nbsp; lub&nbsp; rozwi\u0105zanie&nbsp; stosunku&nbsp; umownego&nbsp; mi\u0119dzy Sprzedawc\u0105&nbsp; i&nbsp; Klientem&nbsp; polegaj\u0105cego&nbsp; na&nbsp; \u015bwiadczeniu&nbsp; us\u0142ug&nbsp; drog\u0105 elektroniczn\u0105 poprzez Sklep Internetowy lub zawarciu i wykonaniu Umowy Sprzeda\u017cy Produkt\u00f3w oraz ich dostarczenia do Klienta.<\/p>\n\n\n\n<p>2.1.2.&nbsp; udokumentowanie stosunk\u00f3w umownych, o kt\u00f3rych mowa w pkt. 2.1.1. w celach dowodowych przez okres przedawnienia roszcze\u0144 z nimi zwi\u0105zanych oraz przez okresy wskazane w ustawie o rachunkowo\u015bci z dnia 29 wrze\u015bnia 1994 (Dz.U. Nr 121, poz. 591 ze zm.).<\/p>\n\n\n\n<p>2.2.&nbsp; W przypadku Klient\u00f3w, kt\u00f3rzy korzystaj\u0105 z p\u0142atno\u015bci elektronicznych za po\u015brednictwem serwisu PayU,&nbsp; Administrator&nbsp; przekazuje&nbsp; zebrane&nbsp; dane&nbsp; osobowe&nbsp; Klient\u00f3w&nbsp; jedynie&nbsp; Agentowi Rozliczeniowemu wybranemu przez Klienta i to jedynie w takim zakresie jaki niezb\u0119dny jest do dokonania przez Klienta&nbsp; p\u0142atno\u015bci&nbsp; za&nbsp; jego&nbsp; po\u015brednictwem.&nbsp; Agentem Rozliczeniowym&nbsp; dost\u0119pnym&nbsp; w&nbsp; Sklepie internetowym jest:<\/p>\n\n\n\n<p><strong>BlueMedia S.A&nbsp;<\/strong>z siedzib\u0105 w Sopocie przy ulicy Powsta\u0144c\u00f3w Warszawy 6, kod 81-718.<br>Sp\u00f3\u0142ka zosta\u0142a zarejestrowana w S\u0105dzie Rejonowym Gda\u0144sk-P\u00f3\u0142noc VIII Wydzia\u0142 Gospodarczy KRS pod nr 0000320590, NIP 585-13-51-185, REGON 191781561.Kapita\u0142 zak\u0142adowy wynosi 2 205 500 z\u0142otych (wp\u0142acony w ca\u0142o\u015bci).<\/p>\n\n\n\n<p>2.3.&nbsp; W&nbsp; przypadku&nbsp; Klient\u00f3w,&nbsp; kt\u00f3rzy&nbsp; korzystaj\u0105 z&nbsp; us\u0142ug&nbsp; dostawy&nbsp; do&nbsp; Klienta&nbsp; towar\u00f3w zakupionych w sklepie cafemia.pl , Administrator przekazuje zebrane dane osobowe Klient\u00f3w w zakresie niezb\u0119dnym dla dokonania dostawy:<\/p>\n\n\n\n<p><strong>INPOST&nbsp;Sp. z o.o.&nbsp;<\/strong>z siedzib\u0105 w Krakowie,&nbsp;(adres siedziby: ul. Pana Tadeusza 4;&nbsp;30-727&nbsp;KRAK\u00d3W), numer w Rejestrze Przedsi\u0119biorc\u00f3w KRS 0000543759, NIP&nbsp;6793108059, REGON&nbsp;36078108500000<\/p>\n\n\n\n<p>2.4.&nbsp; Administrator&nbsp; przetwarza&nbsp; nast\u0119puj\u0105ce&nbsp; dane&nbsp; osobowe&nbsp; Klient\u00f3w:&nbsp; imi\u0119 i&nbsp; nazwisko;&nbsp; adres&nbsp; poczty elektronicznej;&nbsp; numer&nbsp; telefonu&nbsp; kontaktowego;&nbsp; adres&nbsp; (ulica,&nbsp; numer&nbsp; domu,&nbsp; numer&nbsp; lokalu,&nbsp; kod&nbsp; pocztowy, miejscowo\u015b\u0107, wojew\u00f3dztwo, kraj).<\/p>\n\n\n\n<p>2.5.&nbsp; Podanie danych osobowych, o kt\u00f3rych mowa w pkt. 2.4. jest niezb\u0119dne do&nbsp; \u015bwiadczenia przez Agenta Rozliczeniowego i Us\u0142ugodawc\u0119 dostawy w ramach Sklepu Internetowego<\/p>\n\n\n\n<p>2.6.&nbsp; Administrator&nbsp; zbiera&nbsp; automatycznie&nbsp; dane&nbsp; zawarte&nbsp; w&nbsp; plikach&nbsp; Cookies&nbsp; podczas&nbsp; korzystania&nbsp; ze&nbsp; strony&nbsp; internetowej Sklepu Internetowego. S\u0105 to pliki tekstowe zapisywane na komputerze Us\u0142ugobiorcy podczas korzystania ze Sklepu Internetowego&nbsp; (umo\u017cliwiaj\u0105 one&nbsp; m.in.&nbsp; zapami\u0119tanie&nbsp; zawarto\u015bci&nbsp; koszyka).&nbsp; Mechanizm&nbsp; Cookies&nbsp; nie&nbsp; jest wykorzystywany do pozyskiwania jakichkolwiek informacji o Us\u0142ugobiorcach Sklepu Internetowego ani&nbsp; \u015bledzenia ich&nbsp; nawigacji.&nbsp; Istnieje&nbsp; mo\u017cliwo\u015b\u0107 uniemo\u017cliwienia&nbsp; zbieranie&nbsp; danych&nbsp; zawartych&nbsp; w&nbsp; plikach&nbsp; Cookies&nbsp; poprzez skorzystanie z odpowiednich funkcji przegl\u0105darki internetowej &nbsp;&#8211;<a href=\"https:\/\/cafemia.pl\/admin\/configInfoPages\/edit\/id\/13\" rel=\"noreferrer noopener\" target=\"_blank\"> informacja o cookie&#8217;s<\/a><\/p>\n\n\n\n<p><strong>3.&nbsp; PODSTAWA PRZETWARZANIA DANYCH<\/strong><\/p>\n\n\n\n<p>3.1.&nbsp; Korzystanie&nbsp; z&nbsp; Sklepu&nbsp; Internetowego&nbsp; oraz&nbsp; zawieranie&nbsp; um\u00f3w&nbsp; o&nbsp; \u015bwiadczenie&nbsp; Us\u0142ug&nbsp; Elektronicznych&nbsp; poprzez&nbsp; Sklep Internetowy&nbsp; lub&nbsp; um\u00f3w&nbsp; sprzeda\u017cy&nbsp; Produkt\u00f3w,&nbsp; z&nbsp; czym&nbsp; wi\u0105\u017ce&nbsp; si\u0119 konieczno\u015b\u0107 podania&nbsp; danych&nbsp; osobowych,&nbsp; jest ca\u0142kowicie&nbsp; dobrowolne.&nbsp;&nbsp; Osoba,&nbsp; kt\u00f3rej&nbsp; dane&nbsp; dotycz\u0105 samodzielnie&nbsp; decyduje,&nbsp; czy&nbsp; chce&nbsp; rozpocz\u0105\u0107 korzystanie&nbsp; z Us\u0142ug Elektronicznych \u015bwiadczonych przez Us\u0142ugodawc\u0119 lub zawrze\u0107 Umow\u0119 Sprzeda\u017cy zgodnie z Regulaminem Sklepu.<\/p>\n\n\n\n<p>3.2.&nbsp; Zgodnie z zapisami RODO&nbsp; przetwarzanie danych jest dopuszczalne m.in. gdy:<\/p>\n\n\n\n<p>3.2.1.&nbsp; osoba, kt\u00f3rej dane dotycz\u0105, wyrazi na to zgod\u0119, chyba \u017ce chodzi o usuni\u0119cie dotycz\u0105cych jej danych.<\/p>\n\n\n\n<p>3.2.2.&nbsp; jest&nbsp; to&nbsp; konieczne&nbsp; do&nbsp; realizacji&nbsp; umowy,&nbsp; gdy&nbsp; osoba,&nbsp; kt\u00f3rej&nbsp; dane&nbsp; dotycz\u0105,&nbsp; jest&nbsp; jej&nbsp; stron\u0105 lub&nbsp; gdy&nbsp; jest&nbsp; to niezb\u0119dne do podj\u0119cia dzia\u0142a\u0144 przed zawarciem umowy na \u017c\u0105danie osoby, kt\u00f3rej dane dotycz\u0105.<\/p>\n\n\n\n<p>3.3. &nbsp;Przetwarzanie danych osobowych przez Administratora odbywa si\u0119 zawsze w ramach podstaw dopuszczalno\u015bci ich przetwarzania&nbsp; wymienionych&nbsp; w&nbsp; pkt.&nbsp; 3.2.&nbsp; Polityki&nbsp; prywatno\u015bci.&nbsp; Przetwarzanie&nbsp; danych&nbsp; b\u0119dzie&nbsp; mia\u0142o&nbsp; zwi\u0105zek&nbsp; z realizacj\u0105 umowy lub konieczno\u015bci podj\u0119cia dzia\u0142a\u0144 przed zawarciem umowy na \u017c\u0105danie osoby, kt\u00f3rej dane dotycz\u0105<\/p>\n\n\n\n<p>3.4 &nbsp;Dodatkowo przed zawarciem um\u00f3w o&nbsp; \u015bwiadczenie Us\u0142ug Elektronicznych dost\u0119pnych poprzez Sklep Internetowy przysz\u0142y Klient &nbsp;jest informowany o konieczno\u015bci akceptacji Regulaminu.<\/p>\n\n\n\n<p><strong>4.&nbsp; PRAWO KONTROLI, DOST\u0118PU DO TRE\u015aCI SWOICH DANYCH ORAZ ICH POPRAWIANIA<\/strong><\/p>\n\n\n\n<p>4.1.&nbsp; Us\u0142ugobiorca ma prawo dost\u0119pu do tre\u015bci swoich danych osobowych oraz ich poprawiania.<\/p>\n\n\n\n<p>4.2.&nbsp; Ka\u017cdej osobie przys\u0142uguje prawo do kontroli przetwarzania danych, kt\u00f3re jej dotycz\u0105, zawartych w zbiorze danych Administratora, a zw\u0142aszcza prawo do:<\/p>\n\n\n\n<p>4.2.1.&nbsp; \u017b\u0105dania uzupe\u0142nienia, uaktualnienia, sprostowania danych osobowych, czasowego lub sta\u0142ego wstrzymania ich&nbsp; przetwarzania&nbsp; lub&nbsp; ich&nbsp; usuni\u0119cia,&nbsp; je\u017celi&nbsp; s\u0105 one&nbsp; niekompletne,&nbsp; nieaktualne,&nbsp; nieprawdziwe&nbsp; lub&nbsp; zosta\u0142y zebrane z naruszeniem ustawy albo s\u0105 ju\u017c zb\u0119dne do realizacji celu, dla kt\u00f3rego zosta\u0142y zebrane.<\/p>\n\n\n\n<p>4.3.&nbsp; W celu realizacji uprawnie\u0144, o kt\u00f3rych mowa w pkt. 4.1. i 4.2. mo\u017cna korzysta\u0107 z opcji w ramach Konta lub poprzez przes\u0142anie stosownej wiadomo\u015bci e-mail na adres: kontakt@cafemia.pl albo pisemnie na adres Administratora.<\/p>\n\n\n\n<p><strong>5.&nbsp; POSTANOWIENIA KO\u0143COWE<\/strong><\/p>\n\n\n\n<p>5.1.&nbsp; Sklep&nbsp; Internetowy&nbsp; mo\u017ce&nbsp; zawiera\u0107 odno\u015bniki&nbsp; do&nbsp; innych&nbsp; stron&nbsp; internetowych.&nbsp; Administrator&nbsp; nie&nbsp; ponosi odpowiedzialno\u015bci za zasady zachowania prywatno\u015bci obowi\u0105zuj\u0105ce na tych stronach. Administrator sugeruje by po przej\u015bciu na inne strony, zapozna\u0107 si\u0119 z polityk\u0105 prywatno\u015bci tam ustalon\u0105. Niniejsza polityka prywatno\u015bci dotyczy tylko Sklepu Internetowego.<\/p>\n\n\n\n<p>5.2.&nbsp; Administrator stosuje&nbsp; \u015brodki techniczne i organizacyjne zapewniaj\u0105ce ochron\u0119 przetwarzanych danych osobowych odpowiedni\u0105 do zagro\u017ce\u0144 oraz kategorii danych obj\u0119tych ochron\u0105, a w szczeg\u00f3lno\u015bci zabezpiecza dane przed ich udost\u0119pnieniem osobom nieupowa\u017cnionym, zabraniem przez osob\u0119 nieuprawnion\u0105, przetwarzaniem z naruszeniem obowi\u0105zuj\u0105cych przepis\u00f3w oraz zmian\u0105, utrat\u0105, uszkodzeniem lub zniszczeniem.<\/p>\n\n\n\n<p>5.3.&nbsp; Administrator udost\u0119pnia nast\u0119puj\u0105ce&nbsp; \u015brodki techniczne zapobiegaj\u0105ce pozyskiwaniu i modyfikowaniu przez osoby &nbsp;nieuprawnione, danych osobowych przesy\u0142anych drog\u0105 elektroniczn\u0105:<\/p>\n\n\n\n<p>5.3.1.&nbsp; Szyfrowanie danych s\u0142u\u017c\u0105cych do autoryzacji Klienta.<\/p>\n\n\n\n<p>5.3.2.&nbsp; Zabezpieczenie zbioru danych przed nieuprawnionym dost\u0119pem.<\/p>\n\n\n\n<p>5.3.3.&nbsp; Dost\u0119p do Konta jedynie po podaniu indywidualnego loginu i has\u0142a utworzonego przez Klienta.<\/p>\n\n\n\n<p>5.4.&nbsp; W sprawach nieuregulowanych niniejsz\u0105 Polityk\u0105 Prywatno\u015bci stosuje si\u0119 odpowiednio zapisy Regulaminu Sklepu Internetowego oraz inne w\u0142a\u015bciwe przepisy prawa polskiego.<\/p>\n","protected":false},"excerpt":{"rendered":"<p>Polityka prywatno\u015bci 1. WPROWADZENIE 1.1 Administratorem danych osobowych zbieranych za po\u015brednictwem Sklepu Internetowego cafemia.pl jest Anna Muth prowadz\u0105ca&nbsp; dzia\u0142alno\u015b\u0107 gospodarcz\u0105 [&hellip;]<\/p>\n","protected":false},"author":1,"featured_media":0,"parent":0,"menu_order":0,"comment_status":"closed","ping_status":"open","template":"","meta":{"_surecart_dashboard_logo_width":"180px","_surecart_dashboard_show_logo":true,"_surecart_dashboard_navigation_orders":true,"_surecart_dashboard_navigation_invoices":true,"_surecart_dashboard_navigation_subscriptions":true,"_surecart_dashboard_navigation_downloads":true,"_surecart_dashboard_navigation_billing":true,"_surecart_dashboard_navigation_account":true,"_uag_custom_page_level_css":"","site-sidebar-layout":"default","site-content-layout":"","ast-site-content-layout":"default","site-content-style":"default","site-sidebar-style":"default","ast-global-header-display":"","ast-banner-title-visibility":"","ast-main-header-display":"","ast-hfb-above-header-display":"","ast-hfb-below-header-display":"","ast-hfb-mobile-header-display":"","site-post-title":"","ast-breadcrumbs-content":"","ast-featured-img":"","footer-sml-layout":"","theme-transparent-header-meta":"","adv-header-id-meta":"","stick-header-meta":"","header-above-stick-meta":"","header-main-stick-meta":"","header-below-stick-meta":"","astra-migrate-meta-layouts":"default","ast-page-background-enabled":"default","ast-page-background-meta":{"desktop":{"background-color":"var(--ast-global-color-4)","background-image":"","background-repeat":"repeat","background-position":"center center","background-size":"auto","background-attachment":"scroll","background-type":"","background-media":"","overlay-type":"","overlay-color":"","overlay-opacity":"","overlay-gradient":""},"tablet":{"background-color":"","background-image":"","background-repeat":"repeat","background-position":"center center","background-size":"auto","background-attachment":"scroll","background-type":"","background-media":"","overlay-type":"","overlay-color":"","overlay-opacity":"","overlay-gradient":""},"mobile":{"background-color":"","background-image":"","background-repeat":"repeat","background-position":"center center","background-size":"auto","background-attachment":"scroll","background-type":"","background-media":"","overlay-type":"","overlay-color":"","overlay-opacity":"","overlay-gradient":""}},"ast-content-background-meta":{"desktop":{"background-color":"var(--ast-global-color-5)","background-image":"","background-repeat":"repeat","background-position":"center center","background-size":"auto","background-attachment":"scroll","background-type":"","background-media":"","overlay-type":"","overlay-color":"","overlay-opacity":"","overlay-gradient":""},"tablet":{"background-color":"var(--ast-global-color-5)","background-image":"","background-repeat":"repeat","background-position":"center center","background-size":"auto","background-attachment":"scroll","background-type":"","background-media":"","overlay-type":"","overlay-color":"","overlay-opacity":"","overlay-gradient":""},"mobile":{"background-color":"var(--ast-global-color-5)","background-image":"","background-repeat":"repeat","background-position":"center center","background-size":"auto","background-attachment":"scroll","background-type":"","background-media":"","overlay-type":"","overlay-color":"","overlay-opacity":"","overlay-gradient":""}},"footnotes":""},"class_list":["post-3","page","type-page","status-publish","hentry"],"uagb_featured_image_src":{"full":false,"thumbnail":false,"medium":false,"medium_large":false,"large":false,"1536x1536":false,"2048x2048":false,"woocommerce_thumbnail":false,"woocommerce_single":false,"woocommerce_gallery_thumbnail":false},"uagb_author_info":{"display_name":"Monika","author_link":"https:\/\/na-morze.com\/?author=1"},"uagb_comment_info":0,"uagb_excerpt":"Polityka prywatno\u015bci 1. WPROWADZENIE 1.1 Administratorem danych osobowych zbieranych za po\u015brednictwem Sklepu Internetowego cafemia.pl jest Anna Muth prowadz\u0105ca&nbsp; dzia\u0142alno\u015b\u0107 gospodarcz\u0105 [&hellip;]","jetpack_sharing_enabled":true,"_links":{"self":[{"href":"https:\/\/na-morze.com\/index.php?rest_route=\/wp\/v2\/pages\/3","targetHints":{"allow":["GET"]}}],"collection":[{"href":"https:\/\/na-morze.com\/index.php?rest_route=\/wp\/v2\/pages"}],"about":[{"href":"https:\/\/na-morze.com\/index.php?rest_route=\/wp\/v2\/types\/page"}],"author":[{"embeddable":true,"href":"https:\/\/na-morze.com\/index.php?rest_route=\/wp\/v2\/users\/1"}],"replies":[{"embeddable":true,"href":"https:\/\/na-morze.com\/index.php?rest_route=%2Fwp%2Fv2%2Fcomments&post=3"}],"version-history":[{"count":0,"href":"https:\/\/na-morze.com\/index.php?rest_route=\/wp\/v2\/pages\/3\/revisions"}],"wp:attachment":[{"href":"https:\/\/na-morze.com\/index.php?rest_route=%2Fwp%2Fv2%2Fmedia&parent=3"}],"curies":[{"name":"wp","href":"https:\/\/api.w.org\/{rel}","templated":true}]}}