{"id":2012,"date":"2025-01-20T13:05:35","date_gmt":"2025-01-20T13:05:35","guid":{"rendered":"https:\/\/na-morze.com\/?page_id=2012"},"modified":"2025-06-09T21:49:49","modified_gmt":"2025-06-09T21:49:49","slug":"kawy-na-zamowienie","status":"publish","type":"page","link":"https:\/\/na-morze.com\/?page_id=2012","title":{"rendered":"Kawy na zam\u00f3wienie"},"content":{"rendered":"\n<p>W przypadku wi\u0119kszych zam\u00f3wie\u0144 oferujemy mo\u017cliwo\u015b\u0107 zam\u00f3wienia kawy wed\u0142ug w\u0142asnych upodoba\u0144, dostosowuj\u0105c smak i intensywno\u015b\u0107 do indywidualnych preferencji naszych klient\u00f3w.<\/p>\n\n\n\n<div class=\"wp-block-uagb-container uagb-block-rgndbon0 alignfull uagb-is-root-container\"><div class=\"uagb-container-inner-blocks-wrap\">\n<div class=\"wp-block-uagb-info-box uagb-block-ggp6dilu uagb-infobox__content-wrap  uagb-infobox-icon-above-title uagb-infobox-image-valign-top\"><div class=\"uagb-ifb-content\"><div class=\"uagb-ifb-title-wrap\"><h2 class=\"uagb-ifb-title\">Skontaktuj si\u0119 z nami<\/h2><\/div><\/div><\/div>\n\n\n\n<div class=\"wp-block-uagb-container uagb-block-rfy9t2iw\">\n<div class=\"wp-block-uagb-forms uagb-forms__outer-wrap uagb-block-p9kgyzib uagb-forms__default-btn\"><form class=\"uagb-forms-main-form\" method=\"post\" autocomplete=\"on\" name=\"uagb-form-p9kgyzib\">\n<div class=\"wp-block-uagb-forms-name uagb-forms-name-wrap uagb-forms-field-set uagb-block-4kwkkzzd uag-col-2\"><div class=\"uagb-forms-name-label required uagb-forms-input-label\" id=\"4kwkkzzd\">Imi\u0119<\/div><input type=\"text\" placeholder=\"\" required class=\"uagb-forms-name-input uagb-forms-input\" name=\"4kwkkzzd\" autocomplete=\"given-name\"\/><\/div>\n\n\n\n<div class=\"wp-block-uagb-forms-name uagb-forms-name-wrap uagb-forms-field-set uagb-block-vtiohkre uag-col-2\"><div class=\"uagb-forms-name-label required uagb-forms-input-label\" id=\"vtiohkre\">Nazwisko<\/div><input type=\"text\" placeholder=\"\" required class=\"uagb-forms-name-input uagb-forms-input\" name=\"vtiohkre\" autocomplete=\"family-name\"\/><\/div>\n\n\n\n<div class=\"wp-block-uagb-forms-email uagb-forms-email-wrap uagb-forms-field-set uagb-block-ia3gzmms\"><div class=\"uagb-forms-email-label required uagb-forms-input-label\" id=\"ia3gzmms\">Email<\/div><input type=\"email\" class=\"uagb-forms-email-input uagb-forms-input\" placeholder=\"\" required name=\"ia3gzmms\" autocomplete=\"email\"\/><\/div>\n\n\n\n<div class=\"wp-block-uagb-forms-textarea uagb-forms-textarea-wrap uagb-forms-field-set uagb-block-yupydj4g\"><div class=\"uagb-forms-textarea-label required uagb-forms-input-label\" id=\"yupydj4g\">Wiadomo\u015b\u0107<\/div><textarea required class=\"uagb-forms-textarea-input uagb-forms-input\" rows=\"6\" placeholder=\"\" name=\"yupydj4g\" autocomplete=\"off\"><\/textarea><\/div>\n<div class=\"uagb-forms-form-hidden-data\"><input type=\"hidden\" class=\"uagb_forms_form_label\" value=\"Spectra Form\"\/><input type=\"hidden\" class=\"uagb_forms_form_id\" value=\"uagb-form-p9kgyzib\"\/><\/div><div class=\"uagb-form-reacaptcha-error-p9kgyzib\"><\/div><div class=\"uagb-forms-main-submit-button-wrap wp-block-button\"><button class=\"uagb-forms-main-submit-button wp-block-button__link\"><div class=\"uagb-forms-main-submit-button-text\">Submit Form<\/div><\/button><\/div><\/form><div class=\"uagb-forms-success-message-p9kgyzib uagb-forms-submit-message-hide\"><span>The form has been submitted successfully!<\/span><\/div><div class=\"uagb-forms-failed-message-p9kgyzib uagb-forms-submit-message-hide\"><span>There has been some error while submitting the form. Please verify all form fields again.<\/span><\/div><\/div>\n<\/div>\n<\/div><\/div>\n","protected":false},"excerpt":{"rendered":"<p>W przypadku wi\u0119kszych zam\u00f3wie\u0144 oferujemy mo\u017cliwo\u015b\u0107 zam\u00f3wienia kawy wed\u0142ug w\u0142asnych upodoba\u0144, dostosowuj\u0105c smak i intensywno\u015b\u0107 do indywidualnych preferencji naszych klient\u00f3w.<\/p>\n","protected":false},"author":1,"featured_media":0,"parent":0,"menu_order":0,"comment_status":"closed","ping_status":"closed","template":"","meta":{"_surecart_dashboard_logo_width":"180px","_surecart_dashboard_show_logo":true,"_surecart_dashboard_navigation_orders":true,"_surecart_dashboard_navigation_invoices":true,"_surecart_dashboard_navigation_subscriptions":true,"_surecart_dashboard_navigation_downloads":true,"_surecart_dashboard_navigation_billing":true,"_surecart_dashboard_navigation_account":true,"_uag_custom_page_level_css":"","site-sidebar-layout":"default","site-content-layout":"","ast-site-content-layout":"default","site-content-style":"default","site-sidebar-style":"default","ast-global-header-display":"","ast-banner-title-visibility":"","ast-main-header-display":"","ast-hfb-above-header-display":"","ast-hfb-below-header-display":"","ast-hfb-mobile-header-display":"","site-post-title":"","ast-breadcrumbs-content":"","ast-featured-img":"","footer-sml-layout":"","theme-transparent-header-meta":"","adv-header-id-meta":"","stick-header-meta":"","header-above-stick-meta":"","header-main-stick-meta":"","header-below-stick-meta":"","astra-migrate-meta-layouts":"default","ast-page-background-enabled":"default","ast-page-background-meta":{"desktop":{"background-color":"var(--ast-global-color-4)","background-image":"","background-repeat":"repeat","background-position":"center center","background-size":"auto","background-attachment":"scroll","background-type":"","background-media":"","overlay-type":"","overlay-color":"","overlay-opacity":"","overlay-gradient":""},"tablet":{"background-color":"","background-image":"","background-repeat":"repeat","background-position":"center center","background-size":"auto","background-attachment":"scroll","background-type":"","background-media":"","overlay-type":"","overlay-color":"","overlay-opacity":"","overlay-gradient":""},"mobile":{"background-color":"","background-image":"","background-repeat":"repeat","background-position":"center center","background-size":"auto","background-attachment":"scroll","background-type":"","background-media":"","overlay-type":"","overlay-color":"","overlay-opacity":"","overlay-gradient":""}},"ast-content-background-meta":{"desktop":{"background-color":"var(--ast-global-color-5)","background-image":"","background-repeat":"repeat","background-position":"center center","background-size":"auto","background-attachment":"scroll","background-type":"","background-media":"","overlay-type":"","overlay-color":"","overlay-opacity":"","overlay-gradient":""},"tablet":{"background-color":"var(--ast-global-color-5)","background-image":"","background-repeat":"repeat","background-position":"center center","background-size":"auto","background-attachment":"scroll","background-type":"","background-media":"","overlay-type":"","overlay-color":"","overlay-opacity":"","overlay-gradient":""},"mobile":{"background-color":"var(--ast-global-color-5)","background-image":"","background-repeat":"repeat","background-position":"center center","background-size":"auto","background-attachment":"scroll","background-type":"","background-media":"","overlay-type":"","overlay-color":"","overlay-opacity":"","overlay-gradient":""}},"footnotes":""},"class_list":["post-2012","page","type-page","status-publish","hentry"],"uagb_featured_image_src":{"full":false,"thumbnail":false,"medium":false,"medium_large":false,"large":false,"1536x1536":false,"2048x2048":false,"woocommerce_thumbnail":false,"woocommerce_single":false,"woocommerce_gallery_thumbnail":false},"uagb_author_info":{"display_name":"Monika","author_link":"https:\/\/na-morze.com\/?author=1"},"uagb_comment_info":0,"uagb_excerpt":"W przypadku wi\u0119kszych zam\u00f3wie\u0144 oferujemy mo\u017cliwo\u015b\u0107 zam\u00f3wienia kawy wed\u0142ug w\u0142asnych upodoba\u0144, dostosowuj\u0105c smak i intensywno\u015b\u0107 do indywidualnych preferencji naszych klient\u00f3w.","jetpack_sharing_enabled":true,"_links":{"self":[{"href":"https:\/\/na-morze.com\/index.php?rest_route=\/wp\/v2\/pages\/2012","targetHints":{"allow":["GET"]}}],"collection":[{"href":"https:\/\/na-morze.com\/index.php?rest_route=\/wp\/v2\/pages"}],"about":[{"href":"https:\/\/na-morze.com\/index.php?rest_route=\/wp\/v2\/types\/page"}],"author":[{"embeddable":true,"href":"https:\/\/na-morze.com\/index.php?rest_route=\/wp\/v2\/users\/1"}],"replies":[{"embeddable":true,"href":"https:\/\/na-morze.com\/index.php?rest_route=%2Fwp%2Fv2%2Fcomments&post=2012"}],"version-history":[{"count":2,"href":"https:\/\/na-morze.com\/index.php?rest_route=\/wp\/v2\/pages\/2012\/revisions"}],"predecessor-version":[{"id":6259,"href":"https:\/\/na-morze.com\/index.php?rest_route=\/wp\/v2\/pages\/2012\/revisions\/6259"}],"wp:attachment":[{"href":"https:\/\/na-morze.com\/index.php?rest_route=%2Fwp%2Fv2%2Fmedia&parent=2012"}],"curies":[{"name":"wp","href":"https:\/\/api.w.org\/{rel}","templated":true}]}}