{"id":1974,"date":"2025-01-17T14:27:11","date_gmt":"2025-01-17T14:27:11","guid":{"rendered":"https:\/\/na-morze.com\/?page_id=1974"},"modified":"2025-06-09T13:38:04","modified_gmt":"2025-06-09T13:38:04","slug":"czas-realizacji-zamowienia-i-koszt-dostawy","status":"publish","type":"page","link":"https:\/\/na-morze.com\/?page_id=1974","title":{"rendered":"Czas realizacji zam\u00f3wienia i koszt dostawy"},"content":{"rendered":"\n<div class=\"wp-block-group alignfull is-content-justification-center is-layout-constrained wp-container-core-group-is-layout-df757ecc wp-block-group-is-layout-constrained\" style=\"margin-top:0;margin-bottom:0;padding-top:calc( 0.5 * var(--wp--style--root--padding-right, var(--wp--custom--gap--horizontal)));padding-right:var(--wp--style--root--padding-right, var(--wp--custom--gap--horizontal));padding-bottom:calc( 0.5 * var(--wp--style--root--padding-right, var(--wp--custom--gap--horizontal)));padding-left:var(--wp--style--root--padding-left, var(--wp--custom--gap--horizontal))\">\n<div style=\"height:calc( 0.25 * var(--wp--style--root--padding-right, var(--wp--custom--gap--horizontal)))\" aria-hidden=\"true\" class=\"wp-block-spacer\"><\/div>\n\n\n\n<div class=\"wp-block-columns alignwide is-layout-flex wp-container-core-columns-is-layout-d0846407 wp-block-columns-is-layout-flex\">\n<div class=\"wp-block-column is-layout-flow wp-block-column-is-layout-flow\">\n<figure class=\"wp-block-image size-full\"><img fetchpriority=\"high\" decoding=\"async\" width=\"300\" height=\"225\" src=\"https:\/\/na-morze.com\/wp-content\/uploads\/2025\/01\/pallbrazyliasantos.jpg\" alt=\"\" class=\"wp-image-17\" style=\"aspect-ratio:4\/3;object-fit:cover\"\/><\/figure>\n\n\n\n<div style=\"height:4px\" aria-hidden=\"true\" class=\"wp-block-spacer\"><\/div>\n\n\n\n<div class=\"wp-block-group is-layout-flow wp-block-group-is-layout-flow\">\n<h3 class=\"wp-block-heading is-service-name has-medium-font-size\" style=\"font-style:normal;font-weight:700\"><strong>Koszt dostawy<\/strong><\/h3>\n<\/div>\n\n\n\n<p class=\"is-service-description\">Jest uzale\u017cniony od formy p\u0142atno\u015bci oraz \u0142\u0105cznej wagi zam\u00f3wienia &#8211; max. 25 kg. Ca\u0142e zam\u00f3wienie jest wysy\u0142ane w jednej przesy\u0142ce i klient ponosi jeden koszt dostawy. Koszt dostawy przy przedp\u0142acie (p\u0142atno\u015b\u0107 on-line lub przelew tradycyjny) to&nbsp;12,50 PLN, za\u015b przy pobraniu koszt wzrasta o koszt pobrania tj. 3 PLN<\/p>\n<\/div>\n\n\n\n<div class=\"wp-block-column is-layout-flow wp-block-column-is-layout-flow\">\n<figure class=\"wp-block-image size-medium\"><img decoding=\"async\" width=\"300\" height=\"225\" src=\"https:\/\/na-morze.com\/wp-content\/uploads\/2025\/01\/IMG_4129-300x225.jpg\" alt=\"\" class=\"wp-image-1970\" style=\"aspect-ratio:4\/3;object-fit:cover\" srcset=\"https:\/\/na-morze.com\/wp-content\/uploads\/2025\/01\/IMG_4129-300x225.jpg 300w, https:\/\/na-morze.com\/wp-content\/uploads\/2025\/01\/IMG_4129-1024x768.jpg 1024w, https:\/\/na-morze.com\/wp-content\/uploads\/2025\/01\/IMG_4129-768x576.jpg 768w, https:\/\/na-morze.com\/wp-content\/uploads\/2025\/01\/IMG_4129-1536x1152.jpg 1536w, https:\/\/na-morze.com\/wp-content\/uploads\/2025\/01\/IMG_4129-2048x1536.jpg 2048w, https:\/\/na-morze.com\/wp-content\/uploads\/2025\/01\/IMG_4129-600x450.jpg 600w\" sizes=\"(max-width: 300px) 100vw, 300px\" \/><\/figure>\n\n\n\n<div style=\"height:4px\" aria-hidden=\"true\" class=\"wp-block-spacer\"><\/div>\n\n\n\n<div class=\"wp-block-group is-layout-flow wp-block-group-is-layout-flow\">\n<h3 class=\"wp-block-heading is-service-name has-medium-font-size\" style=\"font-style:normal;font-weight:700\"><strong>Czas dostawy<\/strong><\/h3>\n<\/div>\n\n\n\n<p class=\"is-service-description\">Ca\u0142kowity czas realizacji zam\u00f3wienia (wraz z dostaw\u0105) wynosi od 2-3 dni roboczych &#8211; je\u015bli produkt znajduje si\u0119 na magazynie. Cz\u0119sto zdarza si\u0119, \u017ce przesy\u0142ka trafia do adresata ju\u017c nast\u0119pnego dnia. W innych przypadkach prosimy o kontakt z naszym sklepem.&nbsp;<\/p>\n<\/div>\n<\/div>\n\n\n\n<div style=\"height:calc( 0.25 * var(--wp--style--root--padding-right, var(--wp--custom--gap--horizontal)))\" aria-hidden=\"true\" class=\"wp-block-spacer\"><\/div>\n<\/div>\n\n\n\n<p><strong>1.<\/strong> Zam\u00f3wiony towar dostarczamy za pomoc\u0105 firm kurierskich. Kupuj\u0105cy jest obci\u0105\u017cany kosztami dostawy okre\u015blonymi w cenniku transportu. Towar mo\u017ce by\u0107 r\u00f3wnie\u017c odebrany osobi\u015bcie w miejscu uprzednio ustalonym przez Strony lub dostarczony przez Sprzedaj\u0105cego osobi\u015bcie na warunkach ustalonych przez strony. W tym celu nale\u017cy skontaktowa\u0107 si\u0119 ze Sprzedaj\u0105cym:&nbsp; <a href=\"mailto:kontakt@astrades.pl\">kontakt@cafemia.pl<\/a><br><strong>2.<\/strong> Czas realizacji zam\u00f3wienia to okres, kt\u00f3ry jest wymagany aby przygotowa\u0107 i skompletowa\u0107 zam\u00f3wione towary oraz zrealizowa\u0107 wysy\u0142k\u0119. Wynosi od 1 do 2 dni roboczych. W przypadku, gdy czas realizacji by\u0142by d\u0142u\u017cszy ni\u017c podany, kontaktujemy si\u0119 z Kupuj\u0105cym, aby potwierdzi\u0107 realizacj\u0119 zam\u00f3wienia oraz uzgodni\u0107 propozycj\u0119 terminu.<br><strong>3.<\/strong> W przypadku p\u0142atno\u015bci przelewem tradycyjnym lub kart\u0105 p\u0142atnicz\u0105\/kredytow\u0105 powy\u017cszy termin wyd\u0142u\u017ca si\u0119 o czas realizacji przelewu do czasu zaksi\u0119gowania wp\u0142aty na naszym koncie.<br><strong>4.<\/strong>&nbsp;W przypadku wyboru przez klienta sposobu p\u0142atno\u015bci przelewem lub kart\u0105 p\u0142atnicz\u0105, czas realizacji zam\u00f3wienia liczony jest od dnia uznania rachunku bankowego lub konta rozliczeniowego Sprzedawcy.<br><strong>5.<\/strong> Firma kurierska dostarcza przesy\u0142ki w ci\u0105gu 1-2 dni roboczych po wysy\u0142ce z naszego magazynu.&nbsp;<br><strong>6<\/strong>. Przesy\u0142ki mo\u017cna monitorowa\u0107 na stronach firm kurierskich. Wystarczy wpisa\u0107 numer listu przewozowego (otrzymacie go w e-mailu od przewo\u017anika oraz od nas z informacj\u0105 o statusie przesy\u0142ki).<br><strong>7.<\/strong> Odbi\u00f3r osobisty towaru nast\u0119puje w <strong>Gdyni, ul. Abrahama 20\/2<\/strong> lub w ka\u017cdym innym miejscu uzgodnionym przez strony.<\/p>\n\n\n\n<div class=\"wp-block-uagb-container uagb-block-857ae5a3 alignfull uagb-is-root-container\"><div class=\"uagb-container-inner-blocks-wrap\"><\/div><\/div>\n\n\n\n<p><\/p>\n","protected":false},"excerpt":{"rendered":"<p>Koszt dostawy Jest uzale\u017cniony od formy p\u0142atno\u015bci oraz \u0142\u0105cznej wagi zam\u00f3wienia &#8211; max. 25 kg. Ca\u0142e zam\u00f3wienie jest wysy\u0142ane w [&hellip;]<\/p>\n","protected":false},"author":1,"featured_media":0,"parent":0,"menu_order":0,"comment_status":"closed","ping_status":"closed","template":"","meta":{"_surecart_dashboard_logo_width":"180px","_surecart_dashboard_show_logo":true,"_surecart_dashboard_navigation_orders":true,"_surecart_dashboard_navigation_invoices":true,"_surecart_dashboard_navigation_subscriptions":true,"_surecart_dashboard_navigation_downloads":true,"_surecart_dashboard_navigation_billing":true,"_surecart_dashboard_navigation_account":true,"_uag_custom_page_level_css":"","site-sidebar-layout":"left-sidebar","site-content-layout":"","ast-site-content-layout":"","site-content-style":"default","site-sidebar-style":"default","ast-global-header-display":"","ast-banner-title-visibility":"","ast-main-header-display":"","ast-hfb-above-header-display":"","ast-hfb-below-header-display":"","ast-hfb-mobile-header-display":"","site-post-title":"","ast-breadcrumbs-content":"","ast-featured-img":"","footer-sml-layout":"","theme-transparent-header-meta":"","adv-header-id-meta":"","stick-header-meta":"","header-above-stick-meta":"","header-main-stick-meta":"","header-below-stick-meta":"","astra-migrate-meta-layouts":"default","ast-page-background-enabled":"default","ast-page-background-meta":{"desktop":{"background-color":"var(--ast-global-color-4)","background-image":"","background-repeat":"repeat","background-position":"center center","background-size":"auto","background-attachment":"scroll","background-type":"","background-media":"","overlay-type":"","overlay-color":"","overlay-opacity":"","overlay-gradient":""},"tablet":{"background-color":"","background-image":"","background-repeat":"repeat","background-position":"center center","background-size":"auto","background-attachment":"scroll","background-type":"","background-media":"","overlay-type":"","overlay-color":"","overlay-opacity":"","overlay-gradient":""},"mobile":{"background-color":"","background-image":"","background-repeat":"repeat","background-position":"center center","background-size":"auto","background-attachment":"scroll","background-type":"","background-media":"","overlay-type":"","overlay-color":"","overlay-opacity":"","overlay-gradient":""}},"ast-content-background-meta":{"desktop":{"background-color":"var(--ast-global-color-5)","background-image":"","background-repeat":"repeat","background-position":"center center","background-size":"auto","background-attachment":"scroll","background-type":"","background-media":"","overlay-type":"","overlay-color":"","overlay-opacity":"","overlay-gradient":""},"tablet":{"background-color":"var(--ast-global-color-5)","background-image":"","background-repeat":"repeat","background-position":"center center","background-size":"auto","background-attachment":"scroll","background-type":"","background-media":"","overlay-type":"","overlay-color":"","overlay-opacity":"","overlay-gradient":""},"mobile":{"background-color":"var(--ast-global-color-5)","background-image":"","background-repeat":"repeat","background-position":"center center","background-size":"auto","background-attachment":"scroll","background-type":"","background-media":"","overlay-type":"","overlay-color":"","overlay-opacity":"","overlay-gradient":""}},"footnotes":""},"class_list":["post-1974","page","type-page","status-publish","hentry"],"uagb_featured_image_src":{"full":false,"thumbnail":false,"medium":false,"medium_large":false,"large":false,"1536x1536":false,"2048x2048":false,"woocommerce_thumbnail":false,"woocommerce_single":false,"woocommerce_gallery_thumbnail":false},"uagb_author_info":{"display_name":"Monika","author_link":"https:\/\/na-morze.com\/?author=1"},"uagb_comment_info":0,"uagb_excerpt":"Koszt dostawy Jest uzale\u017cniony od formy p\u0142atno\u015bci oraz \u0142\u0105cznej wagi zam\u00f3wienia &#8211; max. 25 kg. Ca\u0142e zam\u00f3wienie jest wysy\u0142ane w [&hellip;]","jetpack_sharing_enabled":true,"_links":{"self":[{"href":"https:\/\/na-morze.com\/index.php?rest_route=\/wp\/v2\/pages\/1974","targetHints":{"allow":["GET"]}}],"collection":[{"href":"https:\/\/na-morze.com\/index.php?rest_route=\/wp\/v2\/pages"}],"about":[{"href":"https:\/\/na-morze.com\/index.php?rest_route=\/wp\/v2\/types\/page"}],"author":[{"embeddable":true,"href":"https:\/\/na-morze.com\/index.php?rest_route=\/wp\/v2\/users\/1"}],"replies":[{"embeddable":true,"href":"https:\/\/na-morze.com\/index.php?rest_route=%2Fwp%2Fv2%2Fcomments&post=1974"}],"version-history":[{"count":3,"href":"https:\/\/na-morze.com\/index.php?rest_route=\/wp\/v2\/pages\/1974\/revisions"}],"predecessor-version":[{"id":6158,"href":"https:\/\/na-morze.com\/index.php?rest_route=\/wp\/v2\/pages\/1974\/revisions\/6158"}],"wp:attachment":[{"href":"https:\/\/na-morze.com\/index.php?rest_route=%2Fwp%2Fv2%2Fmedia&parent=1974"}],"curies":[{"name":"wp","href":"https:\/\/api.w.org\/{rel}","templated":true}]}}