{"id":1930,"date":"2025-01-16T10:31:24","date_gmt":"2025-01-16T10:31:24","guid":{"rendered":"https:\/\/na-morze.com\/?page_id=1930"},"modified":"2025-01-16T10:31:24","modified_gmt":"2025-01-16T10:31:24","slug":"polityka-cookies","status":"publish","type":"page","link":"https:\/\/na-morze.com\/?page_id=1930","title":{"rendered":"Polityka cookies"},"content":{"rendered":"\n<p>DALGAREN &#8211; TRADE przywi\u0105zuje szczeg\u00f3ln\u0105 wag\u0119 do poszanowania prywatno\u015bci ka\u017cdej osoby odwiedzaj\u0105cej prowadzony przez ni\u0105 sklep internetowy. Sklep <a href=\"http:\/\/www.cafemia.pl\">cafemia.pl<\/a> wykorzystuje pliki \u201ecookies\u201d do:<\/p>\n\n\n\n<ul class=\"wp-block-list\">\n<li>umo\u017cliwienia klientom zalogowania si\u0119 do niekt\u00f3rych obszar\u00f3w sklepu,<\/li>\n\n\n\n<li>obs\u0142ugi koszyka zam\u00f3wie\u0144,<\/li>\n\n\n\n<li>z\u0142o\u017cenia zam\u00f3wienia,<\/li>\n\n\n\n<li>udoskonalenia, zoptymalizowania i poprawienia efektywno\u015bci sklepu,<\/li>\n\n\n\n<li>dostosowania zawarto\u015bci witryny do potrzeb u\u017cytkownik\u00f3w,<\/li>\n\n\n\n<li>zapami\u0119tania preferencji u\u017cytkownik\u00f3w,<\/li>\n\n\n\n<li>tworzenia anonimowych, zagregowanych statystyk ogl\u0105dalno\u015bci serwisu z wy\u0142\u0105czeniem personalnej identyfikacji u\u017cytkownika.<\/li>\n<\/ul>\n\n\n\n<p><strong>Pliki \u201ecookies\u201d a dane osobowe:<\/strong><\/p>\n\n\n\n<p>Dane uzyskane przy u\u017cywaniu plik\u00f3w \u201ecookies\u201d s\u0105 zbierane tylko w celu wykonywania okre\u015blonych zada\u0144 realizowanych na potrzeby u\u017cytkownika sklepu. Nie s\u0105 kojarzone z \u017cadnymi konkretnymi osobami korzystaj\u0105cymi z witryny z zastrze\u017ceniem dost\u0119pu do obszar\u00f3w wymagaj\u0105cych logowania (obszar \u201emoje konto\u201d i sk\u0142adanie zam\u00f3wienia).<\/p>\n\n\n\n<p><strong>Czym s\u0105 pliki \u201ecookies\u201d:<\/strong><\/p>\n\n\n\n<p>S\u0105 to niewielkie informacje tekstowe, wysy\u0142ane przez serwer WWW i zapisywane po stronie u\u017cytkownika (zazwyczaj na twardym dysku). Domy\u015blne parametry ciasteczek pozwalaj\u0105 na odczytanie informacji w nich zawartych jedynie serwerowi, kt\u00f3ry je utworzy\u0142. Ciasteczka s\u0105 stosowane najcz\u0119\u015bciej w przypadku licznik\u00f3w, sond, sklep\u00f3w internetowych, stron wymagaj\u0105cych logowania, reklam i do monitorowania aktywno\u015bci odwiedzaj\u0105cych.<\/p>\n\n\n\n<p><strong>Zastosowanie plik\u00f3w \u201ecookies\u201d:<\/strong><\/p>\n\n\n\n<p>Ciasteczka mog\u0105 zawiera\u0107 rozmaite rodzaje informacji o u\u017cytkowniku danej strony WWW i &#8222;historii&#8221; jego \u0142\u0105czno\u015bci z dan\u0105 stron\u0105 (a w\u0142a\u015bciwie serwerem). Zazwyczaj wykorzystywane s\u0105 do automatycznego rozpoznawania danego u\u017cytkownika przez serwer, dzi\u0119ki czemu mo\u017ce on wygenerowa\u0107 przeznaczon\u0105 dla niego stron\u0119. Umo\u017cliwia to tworzenie spersonalizowanych serwis\u00f3w WWW, obs\u0142ugi logowania, &#8222;koszyk\u00f3w zakupowych&#8221; w internetowych sklepach itp.<\/p>\n\n\n\n<p><strong>Specyfika dzia\u0142ania plik\u00f3w \u201ecookies\u201d:<\/strong><\/p>\n\n\n\n<p>Mechanizm ciasteczek zosta\u0142 wprowadzony po to, by w bezstanowym protokole HTTP umo\u017cliwi\u0107 odr\u00f3\u017cnienie os\u00f3b odwiedzaj\u0105cych dany serwis. Ciasteczka s\u0105 informacjami zapisywanymi trwale lub tymczasowo na \u017c\u0105danie serwera na dysku u\u017cytkownika. Najcz\u0119\u015bciej przechowywane s\u0105 w jednym pliku tekstowym lub binarnym.<\/p>\n\n\n\n<p>Dane zapisane w ciasteczkach maj\u0105 posta\u0107 naprzemiennych ci\u0105g\u00f3w nazwy i warto\u015bci odpowiadaj\u0105cej jej zmiennej. Zapami\u0119tane ciasteczko mo\u017ce najcz\u0119\u015bciej odczyta\u0107 jedynie serwer, kt\u00f3ry je wys\u0142a\u0142. W danych \u201ecookies\u201d okre\u015blone s\u0105:<\/p>\n\n\n\n<ul class=\"wp-block-list\">\n<li>nazwa i przypisan\u0105 jej warto\u015b\u0107,<\/li>\n\n\n\n<li>domena i \u015bcie\u017cka dost\u0119pu, kt\u00f3re s\u0105 zwi\u0105zane z przekazywanym ciasteczkiem,<\/li>\n\n\n\n<li>czas wa\u017cno\u015bci danego ciasteczka (po jego up\u0142yni\u0119ciu przegl\u0105darka usunie je).<\/li>\n<\/ul>\n\n\n\n<p>Do zapisania ciasteczka wymagana jest jedynie jego nazwa. Je\u015bli nie zostanie podana domena, do warto\u015bci zapisanych w ciasteczku dost\u0119p b\u0119dzie mia\u0142 jedynie serwer, z kt\u00f3rego wys\u0142ano \u017c\u0105danie zapisu. Niepodanie czasu wa\u017cno\u015bci spowoduje usuni\u0119cie ciasteczka po zamkni\u0119ciu przegl\u0105darki. Ciasteczka, kt\u00f3re wygasaj\u0105 po zako\u0144czonej sesji, zwane s\u0105 ciasteczkami sesyjnymi. Maj\u0105 one ustalony okres wa\u017cno\u015bci, kt\u00f3rego mechanizm wymusza serwer (zwykle nie mo\u017cna polega\u0107 bowiem na prawid\u0142owo\u015bci ustawienia zegara na komputerze z przegl\u0105dark\u0105). Dzia\u0142anie mechanizmu ciasteczek po stronie u\u017cytkownika zale\u017cy od konfiguracji jego przegl\u0105darki. Niekt\u00f3re z nich umo\u017cliwiaj\u0105 odmow\u0119 zapisu, inne pozwalaj\u0105 na ustawienie daty wyga\u015bni\u0119cia innej od tej deklarowanej w nag\u0142\u00f3wku HTTP.<\/p>\n\n\n\n<p><strong>Sklep internetowy CAFEMIA.pl u\u017cywa poni\u017cszych rodzaj\u00f3w plik\u00f3w \u201ecookies\u201d:<\/strong><\/p>\n\n\n\n<p>1.&nbsp;&nbsp;&nbsp;&nbsp; Niezb\u0119dne \u2013 wymagane do prawid\u0142owego dzia\u0142ania sklepu internetowego (np. obs\u0142uga logowania u\u017cytkownika lub koszyka zakup\u00f3w).<\/p>\n\n\n\n<p>2.&nbsp;&nbsp;&nbsp;&nbsp; Funkcjonalne \u2013 zwi\u0105zane ze zwi\u0119kszeniem funkcjonalno\u015bci sklepu internetowego (np. zapami\u0119tanie preferencji u\u017cytkownika lub personalizacja prezentowanych tre\u015bci).<\/p>\n\n\n\n<p>3.&nbsp;&nbsp;&nbsp;&nbsp; Biznesowe \u2013 zwi\u0105zane z popraw\u0105 jako\u015bci, wydajno\u015bci i udoskonalaniem naszego sklepu internetowego (np. tworzenie anonimowych, zagregowanych statystyk lub anonimowa analiza poruszania si\u0119 u\u017cytkownik\u00f3w w trakcie korzystania z niego).<\/p>\n\n\n\n<p>&nbsp;&nbsp;&nbsp;&nbsp;&nbsp;&nbsp;&nbsp;&nbsp;&nbsp; 4.&nbsp;&nbsp;&nbsp;&nbsp; Firm trzecich \u2013 zwi\u0105zane z Google Analitics. Korzystamy z systemu analitycznego dostarczanego przez Google Inc. w celu oszacowania wykorzystania naszej witryny i opracowania dla nas statystyki aktywno\u015bci na witrynie. Google zachowuje informacje gromadzone przez ciasteczko na serwerach w Stanach Zjednoczonych. Google mo\u017ce tak\u017ce przekaza\u0107 te informacje osobom trzecim, je\u015bli b\u0119dzie to wymagane prawem lub gdy takie osoby trzecie przetwarzaj\u0105 informacje w imieniu Google. Google nie po\u0142\u0105czy adresu IP u\u017cytkownika z \u017cadnymi innymi danymi przetrzymywanymi przez Google. Poprzez korzystanie z naszej witryny wyra\u017caj\u0105 pa\u0144stwo zgod\u0119 na przetwarzanie przez Google danych na sw\u00f3j temat w spos\u00f3b i w celach wskazanych powy\u017cej. Prosimy odwiedzi\u0107&nbsp;&nbsp;<a href=\"http:\/\/www.google.com\/intl\/pl\/policies\/privacy\">http:\/\/ www.google.com\/intl\/pl\/policies\/privacy<\/a>&nbsp;w celu uzyskania dodatkowych informacji.&nbsp;Ciasteczka s\u0105 stosowane najcz\u0119\u015bciej w przypadku licznik\u00f3w, sond, sklep\u00f3w internetowych, stron wymagaj\u0105cych logowania, reklam i do monitorowania aktywno\u015bci odwiedzaj\u0105cych.<\/p>\n\n\n\n<p><strong>Zastosowanie plik\u00f3w \u201ecookies\u201d:<\/strong><\/p>\n\n\n\n<p>Ciasteczka mog\u0105 zawiera\u0107 rozmaite rodzaje informacji o u\u017cytkowniku danej strony WWW i &#8222;historii&#8221; jego \u0142\u0105czno\u015bci z dan\u0105 stron\u0105 (a w\u0142a\u015bciwie serwerem). Zazwyczaj wykorzystywane s\u0105 do automatycznego rozpoznawania danego u\u017cytkownika przez serwer, dzi\u0119ki czemu mo\u017ce on wygenerowa\u0107 przeznaczon\u0105 dla niego stron\u0119. Umo\u017cliwia to tworzenie spersonalizowanych serwis\u00f3w WWW, obs\u0142ugi logowania, &#8222;koszyk\u00f3w zakupowych&#8221; w internetowych sklepach itp.<\/p>\n\n\n\n<p><strong>Specyfika dzia\u0142ania plik\u00f3w \u201ecookies\u201d:<\/strong><\/p>\n\n\n\n<p>Mechanizm ciasteczek zosta\u0142 wprowadzony po to, by w bezstanowym protokole HTTP umo\u017cliwi\u0107 odr\u00f3\u017cnienie os\u00f3b odwiedzaj\u0105cych dany serwis. Ciasteczka s\u0105 informacjami zapisywanymi trwale lub tymczasowo na \u017c\u0105danie serwera na dysku u\u017cytkownika. Najcz\u0119\u015bciej przechowywane s\u0105 w jednym pliku tekstowym lub binarnym.<\/p>\n\n\n\n<p>Dane zapisane w ciasteczkach maj\u0105 posta\u0107 naprzemiennych ci\u0105g\u00f3w nazwy i warto\u015bci odpowiadaj\u0105cej jej zmiennej. Zapami\u0119tane ciasteczko mo\u017ce najcz\u0119\u015bciej odczyta\u0107 jedynie serwer, kt\u00f3ry je wys\u0142a\u0142. W danych \u201ecookies\u201d okre\u015blone s\u0105:<\/p>\n\n\n\n<ul class=\"wp-block-list\">\n<li>nazwa i przypisan\u0105 jej warto\u015b\u0107,<\/li>\n\n\n\n<li>domena i \u015bcie\u017cka dost\u0119pu, kt\u00f3re s\u0105 zwi\u0105zane z przekazywanym ciasteczkiem,<\/li>\n\n\n\n<li>czas wa\u017cno\u015bci danego ciasteczka (po jego up\u0142yni\u0119ciu przegl\u0105darka usunie je).<\/li>\n<\/ul>\n\n\n\n<p>Do zapisania ciasteczka wymagana jest jedynie jego nazwa. Je\u015bli nie zostanie podana domena, do warto\u015bci zapisanych w ciasteczku dost\u0119p b\u0119dzie mia\u0142 jedynie serwer, z kt\u00f3rego wys\u0142ano \u017c\u0105danie zapisu. Niepodanie czasu wa\u017cno\u015bci spowoduje usuni\u0119cie ciasteczka po zamkni\u0119ciu przegl\u0105darki. Ciasteczka, kt\u00f3re wygasaj\u0105 po zako\u0144czonej sesji, zwane s\u0105 ciasteczkami sesyjnymi. Maj\u0105 one ustalony okres wa\u017cno\u015bci, kt\u00f3rego mechanizm wymusza serwer (zwykle nie mo\u017cna polega\u0107 bowiem na prawid\u0142owo\u015bci ustawienia zegara na komputerze z przegl\u0105dark\u0105). Dzia\u0142anie mechanizmu ciasteczek po stronie u\u017cytkownika zale\u017cy od konfiguracji jego przegl\u0105darki. Niekt\u00f3re z nich umo\u017cliwiaj\u0105 odmow\u0119 zapisu, inne pozwalaj\u0105 na ustawienie daty wyga\u015bni\u0119cia innej od tej deklarowanej w nag\u0142\u00f3wku HTTP.<\/p>\n\n\n\n<p><\/p>\n","protected":false},"excerpt":{"rendered":"<p>DALGAREN &#8211; TRADE przywi\u0105zuje szczeg\u00f3ln\u0105 wag\u0119 do poszanowania prywatno\u015bci ka\u017cdej osoby odwiedzaj\u0105cej prowadzony przez ni\u0105 sklep internetowy. Sklep cafemia.pl wykorzystuje [&hellip;]<\/p>\n","protected":false},"author":1,"featured_media":0,"parent":0,"menu_order":0,"comment_status":"closed","ping_status":"closed","template":"","meta":{"_surecart_dashboard_logo_width":"180px","_surecart_dashboard_show_logo":true,"_surecart_dashboard_navigation_orders":true,"_surecart_dashboard_navigation_invoices":true,"_surecart_dashboard_navigation_subscriptions":true,"_surecart_dashboard_navigation_downloads":true,"_surecart_dashboard_navigation_billing":true,"_surecart_dashboard_navigation_account":true,"_uag_custom_page_level_css":"","site-sidebar-layout":"default","site-content-layout":"","ast-site-content-layout":"default","site-content-style":"default","site-sidebar-style":"default","ast-global-header-display":"","ast-banner-title-visibility":"","ast-main-header-display":"","ast-hfb-above-header-display":"","ast-hfb-below-header-display":"","ast-hfb-mobile-header-display":"","site-post-title":"","ast-breadcrumbs-content":"","ast-featured-img":"","footer-sml-layout":"","theme-transparent-header-meta":"","adv-header-id-meta":"","stick-header-meta":"","header-above-stick-meta":"","header-main-stick-meta":"","header-below-stick-meta":"","astra-migrate-meta-layouts":"default","ast-page-background-enabled":"default","ast-page-background-meta":{"desktop":{"background-color":"var(--ast-global-color-4)","background-image":"","background-repeat":"repeat","background-position":"center center","background-size":"auto","background-attachment":"scroll","background-type":"","background-media":"","overlay-type":"","overlay-color":"","overlay-opacity":"","overlay-gradient":""},"tablet":{"background-color":"","background-image":"","background-repeat":"repeat","background-position":"center center","background-size":"auto","background-attachment":"scroll","background-type":"","background-media":"","overlay-type":"","overlay-color":"","overlay-opacity":"","overlay-gradient":""},"mobile":{"background-color":"","background-image":"","background-repeat":"repeat","background-position":"center center","background-size":"auto","background-attachment":"scroll","background-type":"","background-media":"","overlay-type":"","overlay-color":"","overlay-opacity":"","overlay-gradient":""}},"ast-content-background-meta":{"desktop":{"background-color":"var(--ast-global-color-5)","background-image":"","background-repeat":"repeat","background-position":"center center","background-size":"auto","background-attachment":"scroll","background-type":"","background-media":"","overlay-type":"","overlay-color":"","overlay-opacity":"","overlay-gradient":""},"tablet":{"background-color":"var(--ast-global-color-5)","background-image":"","background-repeat":"repeat","background-position":"center center","background-size":"auto","background-attachment":"scroll","background-type":"","background-media":"","overlay-type":"","overlay-color":"","overlay-opacity":"","overlay-gradient":""},"mobile":{"background-color":"var(--ast-global-color-5)","background-image":"","background-repeat":"repeat","background-position":"center center","background-size":"auto","background-attachment":"scroll","background-type":"","background-media":"","overlay-type":"","overlay-color":"","overlay-opacity":"","overlay-gradient":""}},"footnotes":""},"class_list":["post-1930","page","type-page","status-publish","hentry"],"uagb_featured_image_src":{"full":false,"thumbnail":false,"medium":false,"medium_large":false,"large":false,"1536x1536":false,"2048x2048":false,"woocommerce_thumbnail":false,"woocommerce_single":false,"woocommerce_gallery_thumbnail":false},"uagb_author_info":{"display_name":"Monika","author_link":"https:\/\/na-morze.com\/?author=1"},"uagb_comment_info":0,"uagb_excerpt":"DALGAREN &#8211; TRADE przywi\u0105zuje szczeg\u00f3ln\u0105 wag\u0119 do poszanowania prywatno\u015bci ka\u017cdej osoby odwiedzaj\u0105cej prowadzony przez ni\u0105 sklep internetowy. Sklep cafemia.pl wykorzystuje [&hellip;]","jetpack_sharing_enabled":true,"_links":{"self":[{"href":"https:\/\/na-morze.com\/index.php?rest_route=\/wp\/v2\/pages\/1930","targetHints":{"allow":["GET"]}}],"collection":[{"href":"https:\/\/na-morze.com\/index.php?rest_route=\/wp\/v2\/pages"}],"about":[{"href":"https:\/\/na-morze.com\/index.php?rest_route=\/wp\/v2\/types\/page"}],"author":[{"embeddable":true,"href":"https:\/\/na-morze.com\/index.php?rest_route=\/wp\/v2\/users\/1"}],"replies":[{"embeddable":true,"href":"https:\/\/na-morze.com\/index.php?rest_route=%2Fwp%2Fv2%2Fcomments&post=1930"}],"version-history":[{"count":0,"href":"https:\/\/na-morze.com\/index.php?rest_route=\/wp\/v2\/pages\/1930\/revisions"}],"wp:attachment":[{"href":"https:\/\/na-morze.com\/index.php?rest_route=%2Fwp%2Fv2%2Fmedia&parent=1930"}],"curies":[{"name":"wp","href":"https:\/\/api.w.org\/{rel}","templated":true}]}}