{"id":1923,"date":"2025-01-16T10:10:42","date_gmt":"2025-01-16T10:10:42","guid":{"rendered":"https:\/\/na-morze.com\/?page_id=1923"},"modified":"2025-01-16T10:10:42","modified_gmt":"2025-01-16T10:10:42","slug":"jak-kupowac","status":"publish","type":"page","link":"https:\/\/na-morze.com\/?page_id=1923","title":{"rendered":"Jak kupowa\u0107?"},"content":{"rendered":"\n<p>Zakup\u00f3w w naszym sklepie mo\u017cna dokonywa\u0107 jako klient zalogowany lub nie.<br>Utworzenie konta klienta pozwoli na&nbsp;uproszczenie procedury zamawiania, przegl\u0105dania historii zam\u00f3wie\u0144.<br>Ka\u017cdy klient zarejestrowany mo\u017ce sprawdza\u0107 stan swoich zam\u00f3wie\u0144 oraz zmienia\u0107 swoje dane i odzyskiwa\u0107 zapomniane has\u0142o. Mo\u017ce to zrobi\u0107 m.in. tutaj.<br><br>Procedura zam\u00f3wienia:<br>1. Wyszukanie interesuj\u0105cego asortymentu poprzez rozwijane menu lub skorzystanie z wyszukiwarki<br>2. Klikni\u0119cie w produkt otworzy jego kart\u0119<br>3. Na karcie koniecznym jest wybranie&nbsp;wybranie odpowiednich wariant\u00f3w produktu z rozwijanych menu z prawej strony zdj\u0119cia (np. waga, forma, smak)<br>4. Po uzupe\u0142nieniu wszystkich wymaganych danych oraz wybraniu \u017c\u0105danej ilo\u015bci produktu poprzez naci\u015bni\u0119cie przycisku DO KOSZYKA umieszczamy produkt w koszyku<br>5. Powtarzamy t\u0105 procedur\u0119 dla wszystkich wybranych produkt\u00f3w.<\/p>\n\n\n\n<p>Prosz\u0119 si\u0119 nie sugerowa\u0107 stanami dost\u0119pno\u015bci produkt\u00f3w, jedynie produkt\u00f3w oznaczonych cech\u0105 &#8222;<em>na zam\u00f3wienie<\/em>&#8221; nie posiadamy na stanie magazynowym. Ze wzgl\u0119du na to, \u017ce kaw\u0119 wypalamy z regu\u0142y po zam\u00f3wieniu cz\u0119sto przy kawach palonych mo\u017cna zauwa\u017cy\u0107 cech\u0119 &#8222;<em>brak w magazynie<\/em>&#8221; lub &#8222;<em>ma\u0142a ilo\u015b\u0107<\/em>&#8222;<\/p>\n\n\n\n<p>6. Nast\u0119pnym krokiem jest potwierdzenie zam\u00f3wienia i przej\u015bcie do p\u0142atno\u015bci za zakupiony towar. P\u0142atno\u015bci mo\u017cna dokona\u0107 na kilka sposob\u00f3w:&nbsp;<br>&#8211; got\u00f3wk\u0105 przy odbiorze w\u0142asnym<br>&#8211; za pobraniem u kuriera InPost lub UPS<br>&#8211; przelewem bankowym (dane do przelewu zostan\u0105 podane w e-mailu&nbsp; z naszego sklepu po zako\u0144czeniu procedury zakupu)<br>&#8211; p\u0142atno\u015bciami elektronicznymi &#8211; p\u0142atno\u015bci Shoper<\/p>\n\n\n\n<p><strong>Kody rabatowe, zni\u017cki i promocje<br><\/strong>Dla ka\u017cdego nowo zarejestrowanego u\u017cytkownika przewidziany jest jednorazowy rabat w wysoko\u015bci 3%<br>Dla sta\u0142ych klient\u00f3w przewidziany jest system rabatowy, uzale\u017cniony od wielko\u015bci miesi\u0119cznych obrot\u00f3w.<\/p>\n\n\n\n<p><\/p>\n","protected":false},"excerpt":{"rendered":"<p>Zakup\u00f3w w naszym sklepie mo\u017cna dokonywa\u0107 jako klient zalogowany lub nie.Utworzenie konta klienta pozwoli na&nbsp;uproszczenie procedury zamawiania, przegl\u0105dania historii zam\u00f3wie\u0144.Ka\u017cdy [&hellip;]<\/p>\n","protected":false},"author":1,"featured_media":0,"parent":0,"menu_order":0,"comment_status":"closed","ping_status":"closed","template":"","meta":{"_surecart_dashboard_logo_width":"180px","_surecart_dashboard_show_logo":true,"_surecart_dashboard_navigation_orders":true,"_surecart_dashboard_navigation_invoices":true,"_surecart_dashboard_navigation_subscriptions":true,"_surecart_dashboard_navigation_downloads":true,"_surecart_dashboard_navigation_billing":true,"_surecart_dashboard_navigation_account":true,"_uag_custom_page_level_css":"","site-sidebar-layout":"default","site-content-layout":"","ast-site-content-layout":"default","site-content-style":"default","site-sidebar-style":"default","ast-global-header-display":"","ast-banner-title-visibility":"","ast-main-header-display":"","ast-hfb-above-header-display":"","ast-hfb-below-header-display":"","ast-hfb-mobile-header-display":"","site-post-title":"","ast-breadcrumbs-content":"","ast-featured-img":"","footer-sml-layout":"","theme-transparent-header-meta":"","adv-header-id-meta":"","stick-header-meta":"","header-above-stick-meta":"","header-main-stick-meta":"","header-below-stick-meta":"","astra-migrate-meta-layouts":"default","ast-page-background-enabled":"default","ast-page-background-meta":{"desktop":{"background-color":"var(--ast-global-color-4)","background-image":"","background-repeat":"repeat","background-position":"center center","background-size":"auto","background-attachment":"scroll","background-type":"","background-media":"","overlay-type":"","overlay-color":"","overlay-opacity":"","overlay-gradient":""},"tablet":{"background-color":"","background-image":"","background-repeat":"repeat","background-position":"center center","background-size":"auto","background-attachment":"scroll","background-type":"","background-media":"","overlay-type":"","overlay-color":"","overlay-opacity":"","overlay-gradient":""},"mobile":{"background-color":"","background-image":"","background-repeat":"repeat","background-position":"center center","background-size":"auto","background-attachment":"scroll","background-type":"","background-media":"","overlay-type":"","overlay-color":"","overlay-opacity":"","overlay-gradient":""}},"ast-content-background-meta":{"desktop":{"background-color":"var(--ast-global-color-5)","background-image":"","background-repeat":"repeat","background-position":"center center","background-size":"auto","background-attachment":"scroll","background-type":"","background-media":"","overlay-type":"","overlay-color":"","overlay-opacity":"","overlay-gradient":""},"tablet":{"background-color":"var(--ast-global-color-5)","background-image":"","background-repeat":"repeat","background-position":"center center","background-size":"auto","background-attachment":"scroll","background-type":"","background-media":"","overlay-type":"","overlay-color":"","overlay-opacity":"","overlay-gradient":""},"mobile":{"background-color":"var(--ast-global-color-5)","background-image":"","background-repeat":"repeat","background-position":"center center","background-size":"auto","background-attachment":"scroll","background-type":"","background-media":"","overlay-type":"","overlay-color":"","overlay-opacity":"","overlay-gradient":""}},"footnotes":""},"class_list":["post-1923","page","type-page","status-publish","hentry"],"uagb_featured_image_src":{"full":false,"thumbnail":false,"medium":false,"medium_large":false,"large":false,"1536x1536":false,"2048x2048":false,"woocommerce_thumbnail":false,"woocommerce_single":false,"woocommerce_gallery_thumbnail":false},"uagb_author_info":{"display_name":"Monika","author_link":"https:\/\/na-morze.com\/?author=1"},"uagb_comment_info":0,"uagb_excerpt":"Zakup\u00f3w w naszym sklepie mo\u017cna dokonywa\u0107 jako klient zalogowany lub nie.Utworzenie konta klienta pozwoli na&nbsp;uproszczenie procedury zamawiania, przegl\u0105dania historii zam\u00f3wie\u0144.Ka\u017cdy [&hellip;]","jetpack_sharing_enabled":true,"_links":{"self":[{"href":"https:\/\/na-morze.com\/index.php?rest_route=\/wp\/v2\/pages\/1923","targetHints":{"allow":["GET"]}}],"collection":[{"href":"https:\/\/na-morze.com\/index.php?rest_route=\/wp\/v2\/pages"}],"about":[{"href":"https:\/\/na-morze.com\/index.php?rest_route=\/wp\/v2\/types\/page"}],"author":[{"embeddable":true,"href":"https:\/\/na-morze.com\/index.php?rest_route=\/wp\/v2\/users\/1"}],"replies":[{"embeddable":true,"href":"https:\/\/na-morze.com\/index.php?rest_route=%2Fwp%2Fv2%2Fcomments&post=1923"}],"version-history":[{"count":0,"href":"https:\/\/na-morze.com\/index.php?rest_route=\/wp\/v2\/pages\/1923\/revisions"}],"wp:attachment":[{"href":"https:\/\/na-morze.com\/index.php?rest_route=%2Fwp%2Fv2%2Fmedia&parent=1923"}],"curies":[{"name":"wp","href":"https:\/\/api.w.org\/{rel}","templated":true}]}}