{"id":160,"date":"2025-01-13T09:48:42","date_gmt":"2025-01-13T09:48:42","guid":{"rendered":"https:\/\/na-morze.com\/home-2\/"},"modified":"2025-06-09T21:48:15","modified_gmt":"2025-06-09T21:48:15","slug":"home-2","status":"publish","type":"page","link":"https:\/\/na-morze.com\/","title":{"rendered":"Strona g\u0142\u00f3wna"},"content":{"rendered":"\n<div class=\"wp-block-uagb-container uag-hide-mob uagb-layout-grid uagb-block-861c71f8 alignfull uagb-is-root-container\"><div class=\"uagb-container-inner-blocks-wrap\">\n<div class=\"wp-block-uagb-container uagb-block-d2abbecb\">\n<div class=\"wp-block-uagb-advanced-heading uagb-block-87642335\"><h2 class=\"uagb-heading-text\"><strong>cafeMia \u2013 kawa, kt\u00f3ra ma charakter<\/strong><\/h2><\/div>\n\n\n\n<p style=\"font-size:22px\"><strong>Odkryj nasz\u0105 pasj\u0119 do jako\u015bciowej kawy i aromatycznych napoj\u00f3w.<\/strong><br><\/p>\n<\/div>\n\n\n\n<div class=\"wp-block-uagb-image uagb-block-cc953da3 wp-block-uagb-image--layout-default wp-block-uagb-image--effect-static wp-block-uagb-image--align-none uag-hide-mob\"><figure class=\"wp-block-uagb-image__figure\"><img fetchpriority=\"high\" decoding=\"async\" srcset=\"https:\/\/na-morze.com\/wp-content\/uploads\/2025\/01\/zimbabwe1.jpg ,https:\/\/na-morze.com\/wp-content\/uploads\/2025\/01\/zimbabwe1.jpg 780w, https:\/\/na-morze.com\/wp-content\/uploads\/2025\/01\/zimbabwe1-150x150.jpg 360w\" sizes=\"(max-width: 480px) 150px\" src=\"https:\/\/na-morze.com\/wp-content\/uploads\/2025\/01\/zimbabwe1.jpg\" alt=\"\" class=\"uag-image-3064\" width=\"800\" height=\"580\" title=\"zimbabwe1\" role=\"img\"\/><\/figure><\/div>\n\n\n\n<div class=\"wp-block-uagb-buttons uagb-buttons__outer-wrap uagb-btn__default-btn uagb-btn-tablet__default-btn uagb-btn-mobile__default-btn uagb-block-9a370912\"><div class=\"uagb-buttons__wrap uagb-buttons-layout-wrap \">\n<div class=\"wp-block-uagb-buttons-child uagb-buttons__outer-wrap uagb-block-a734d41f wp-block-button\" id=\"https:\/\/na-morze.com\/?post_type=product\"><div class=\"uagb-button__wrapper\"><a class=\"uagb-buttons-repeater wp-block-button__link\" aria-label=\"\" href=\"#\" rel=\"follow noopener\" target=\"_self\" role=\"button\"><div class=\"uagb-button__link\">Zam\u00f3w teraz<\/div><\/a><\/div><\/div>\n<\/div><\/div>\n<\/div><\/div>\n\n\n\n<div class=\"wp-block-group alignfull is-content-justification-center is-layout-constrained wp-container-core-group-is-layout-df757ecc wp-block-group-is-layout-constrained\" style=\"margin-top:0;margin-bottom:0;padding-top:calc( 0.5 * var(--wp--style--root--padding-right, var(--wp--custom--gap--horizontal)));padding-right:var(--wp--style--root--padding-right, var(--wp--custom--gap--horizontal));padding-bottom:calc( 0.5 * var(--wp--style--root--padding-right, var(--wp--custom--gap--horizontal)));padding-left:var(--wp--style--root--padding-left, var(--wp--custom--gap--horizontal))\">\n<div class=\"wp-block-group alignwide is-layout-constrained wp-block-group-is-layout-constrained\">\n<div class=\"wp-block-uagb-container uagb-block-043212ff alignfull uagb-is-root-container\"><div class=\"uagb-container-inner-blocks-wrap\">\n<div class=\"wp-block-cover alignfull has-parallax uag-hide-desktop uag-hide-tab\"><div class=\"wp-block-cover__image-background wp-image-4423 size-full has-parallax\" style=\"background-position:50% 50%;background-image:url(https:\/\/na-morze.com\/wp-content\/uploads\/2025\/01\/etiopia_sidamo_pall.jpg)\"><\/div><span aria-hidden=\"true\" class=\"wp-block-cover__background has-background-dim-40 has-background-dim\" style=\"background-color:#000000\"><\/span><div class=\"wp-block-cover__inner-container is-layout-flow wp-block-cover-is-layout-flow\">\n<h2 class=\"wp-block-heading alignwide has-white-color has-text-color\" style=\"font-size:48px;line-height:1.2\"><\/h2>\n\n\n\n<div class=\"wp-block-columns alignwide is-layout-flex wp-container-core-columns-is-layout-28f84493 wp-block-columns-is-layout-flex\">\n<div class=\"wp-block-column is-layout-flow wp-block-column-is-layout-flow\" style=\"flex-basis:60%\">\n<h3 class=\"wp-block-heading has-ast-global-color-5-color has-text-color has-link-color has-large-font-size wp-elements-67ddeba65a990f4c51831d6b5132fb55\"><strong>Kawa, kt\u00f3ra ma charakter<\/strong><\/h3>\n\n\n\n<p class=\"has-white-color has-text-color has-link-color has-medium-font-size wp-elements-f95e91b12f43d3a16b5c8fe1e1c1b210\"><strong>Odkryj nasz\u0105 pasj\u0119 do jako\u015bciowej kawy i aromatycznych napoj\u00f3w.<\/strong><br><br><\/p>\n\n\n\n<div class=\"wp-block-buttons is-layout-flex wp-block-buttons-is-layout-flex\">\n<div class=\"wp-block-button is-style-outline is-style-outline--1\"><a class=\"wp-block-button__link has-text-color has-background wp-element-button\" href=\"https:\/\/na-morze.com\/?post_type=product\" style=\"color:#ffffff;background-color:#000000\">Zam\u00f3w teraz<\/a><\/div>\n<\/div>\n<\/div>\n\n\n\n<div class=\"wp-block-column is-layout-flow wp-block-column-is-layout-flow\"><\/div>\n<\/div>\n<\/div><\/div>\n<\/div><\/div>\n\n\n\n<div class=\"wp-block-group alignfull is-content-justification-center is-layout-constrained wp-container-core-group-is-layout-df757ecc wp-block-group-is-layout-constrained\" style=\"margin-top:0;margin-bottom:0;padding-top:calc( 0.5 * var(--wp--style--root--padding-right, var(--wp--custom--gap--horizontal)));padding-right:var(--wp--style--root--padding-right, var(--wp--custom--gap--horizontal));padding-bottom:calc( 0.5 * var(--wp--style--root--padding-right, var(--wp--custom--gap--horizontal)));padding-left:var(--wp--style--root--padding-left, var(--wp--custom--gap--horizontal))\">\n<div style=\"height:calc( 0.25 * var(--wp--style--root--padding-right, var(--wp--custom--gap--horizontal)))\" aria-hidden=\"true\" class=\"wp-block-spacer\"><\/div>\n<\/div>\n\n\n\n<p><\/p>\n\n\n\n<h1 class=\"wp-block-heading alignfull has-text-align-left has-large-font-size\" style=\"border-radius:0px\"><strong><em>Nasza oferta<\/em><\/strong><\/h1>\n<\/div>\n\n\n\n<div class=\"wp-block-columns alignwide is-layout-flex wp-container-core-columns-is-layout-d0846407 wp-block-columns-is-layout-flex\">\n<div class=\"wp-block-column is-layout-flow wp-block-column-is-layout-flow\">\n<div style=\"height:4px\" aria-hidden=\"true\" class=\"wp-block-spacer\"><\/div>\n\n\n\n<div class=\"wp-block-group is-layout-flow wp-block-group-is-layout-flow\">\n<h3 class=\"wp-block-heading is-service-name has-medium-font-size\" style=\"font-style:normal;font-weight:700\"><a href=\"https:\/\/na-morze.com\/?product_cat=kawa-palona\">Kawa palona<\/a><\/h3>\n<\/div>\n\n\n\n<p class=\"is-service-description\">Nasza kawa palona to starannie wyselekcjonowane ziarna z najlepszych plantacji \u015bwiata, wypalane na bie\u017c\u0105co w ma\u0142ych partiach. Dzi\u0119ki temu zachowuje pe\u0142ni\u0119 smaku, \u015bwie\u017co\u015bci i aromatu. Idealna do ekspresu, kawiarki i metod alternatywnych.<\/p>\n\n\n\n<figure class=\"wp-block-image size-full\"><img decoding=\"async\" width=\"2048\" height=\"1536\" src=\"https:\/\/na-morze.com\/wp-content\/uploads\/2025\/01\/kostaryka1.jpg\" alt=\"\" class=\"wp-image-4510\" style=\"aspect-ratio:4\/3;object-fit:cover\" srcset=\"https:\/\/na-morze.com\/wp-content\/uploads\/2025\/01\/kostaryka1.jpg 2048w, https:\/\/na-morze.com\/wp-content\/uploads\/2025\/01\/kostaryka1-300x225.jpg 300w, https:\/\/na-morze.com\/wp-content\/uploads\/2025\/01\/kostaryka1-1024x768.jpg 1024w, https:\/\/na-morze.com\/wp-content\/uploads\/2025\/01\/kostaryka1-768x576.jpg 768w, https:\/\/na-morze.com\/wp-content\/uploads\/2025\/01\/kostaryka1-1536x1152.jpg 1536w, https:\/\/na-morze.com\/wp-content\/uploads\/2025\/01\/kostaryka1-600x450.jpg 600w\" sizes=\"(max-width: 2048px) 100vw, 2048px\" \/><\/figure>\n<\/div>\n\n\n\n<div class=\"wp-block-column is-layout-flow wp-block-column-is-layout-flow\">\n<div style=\"height:4px\" aria-hidden=\"true\" class=\"wp-block-spacer\"><\/div>\n\n\n\n<div class=\"wp-block-group is-layout-flow wp-block-group-is-layout-flow\">\n<h3 class=\"wp-block-heading is-service-name has-medium-font-size\" style=\"font-style:normal;font-weight:700\"><a href=\"https:\/\/na-morze.com\/?product_cat=kawa-surowa\">Kawa surowa<\/a><\/h3>\n<\/div>\n\n\n\n<p class=\"is-service-description\">Zielona kawa to niepalone ziarna najwy\u017cszej jako\u015bci, pochodz\u0105ce z renomowanych plantacji. Idealna dla pasjonat\u00f3w domowego wypalania oraz profesjonalist\u00f3w, kt\u00f3rzy szukaj\u0105 pe\u0142nej kontroli nad profilem palenia i smakiem.<\/p>\n\n\n\n<figure class=\"wp-block-image size-full\"><img decoding=\"async\" width=\"2048\" height=\"1658\" src=\"https:\/\/na-morze.com\/wp-content\/uploads\/2025\/01\/etio_yir.jpg\" alt=\"\" class=\"wp-image-2946\" style=\"aspect-ratio:4\/3;object-fit:cover\" srcset=\"https:\/\/na-morze.com\/wp-content\/uploads\/2025\/01\/etio_yir.jpg 2048w, https:\/\/na-morze.com\/wp-content\/uploads\/2025\/01\/etio_yir-300x243.jpg 300w, https:\/\/na-morze.com\/wp-content\/uploads\/2025\/01\/etio_yir-1024x829.jpg 1024w, https:\/\/na-morze.com\/wp-content\/uploads\/2025\/01\/etio_yir-768x622.jpg 768w, https:\/\/na-morze.com\/wp-content\/uploads\/2025\/01\/etio_yir-1536x1244.jpg 1536w, https:\/\/na-morze.com\/wp-content\/uploads\/2025\/01\/etio_yir-600x486.jpg 600w\" sizes=\"(max-width: 2048px) 100vw, 2048px\" \/><\/figure>\n<\/div>\n\n\n\n<div class=\"wp-block-column is-layout-flow wp-block-column-is-layout-flow\">\n<div style=\"height:4px\" aria-hidden=\"true\" class=\"wp-block-spacer\"><\/div>\n\n\n\n<div class=\"wp-block-group is-layout-flow wp-block-group-is-layout-flow\">\n<h3 class=\"wp-block-heading is-service-name has-medium-font-size\" style=\"font-style:normal;font-weight:700\"><a href=\"https:\/\/na-morze.com\/?page_id=2012\">Kawa na zam\u00f3wienie<\/a><\/h3>\n<\/div>\n\n\n\n<p class=\"is-service-description\">Szukasz czego\u015b wyj\u0105tkowego? Oferujemy kawy tworzone na zam\u00f3wienie \u2013 od autorskich mieszanek po aromatyzowane kompozycje. Dobieramy ziarna i profil palenia zgodnie z Twoimi preferencjami. Idealna dla klient\u00f3w indywidualnych, kawiarni i marek w\u0142asnych.<\/p>\n\n\n\n<figure class=\"wp-block-image size-large\"><img loading=\"lazy\" decoding=\"async\" width=\"1024\" height=\"768\" src=\"https:\/\/na-morze.com\/wp-content\/uploads\/2025\/01\/gwatemala_shg-1024x768.jpg\" alt=\"\" class=\"wp-image-4583\" style=\"aspect-ratio:4\/3;object-fit:cover\" srcset=\"https:\/\/na-morze.com\/wp-content\/uploads\/2025\/01\/gwatemala_shg-1024x768.jpg 1024w, https:\/\/na-morze.com\/wp-content\/uploads\/2025\/01\/gwatemala_shg-300x225.jpg 300w, https:\/\/na-morze.com\/wp-content\/uploads\/2025\/01\/gwatemala_shg-768x576.jpg 768w, https:\/\/na-morze.com\/wp-content\/uploads\/2025\/01\/gwatemala_shg-1536x1152.jpg 1536w, https:\/\/na-morze.com\/wp-content\/uploads\/2025\/01\/gwatemala_shg-600x450.jpg 600w, https:\/\/na-morze.com\/wp-content\/uploads\/2025\/01\/gwatemala_shg.jpg 2048w\" sizes=\"(max-width: 1024px) 100vw, 1024px\" \/><\/figure>\n<\/div>\n<\/div>\n\n\n\n<div style=\"height:0px\" aria-hidden=\"true\" class=\"wp-block-spacer\"><\/div>\n\n\n\n<div class=\"wp-block-uagb-advanced-heading uagb-block-2355894d\"><div class=\"uagb-separator\"><\/div><h2 class=\"uagb-heading-text\"><em>Co nas wyr\u00f3\u017cnia od konkurencji?<\/em><\/h2><\/div>\n<\/div>\n\n\n\n<div class=\"wp-block-uagb-info-box uagb-block-bd1848a2 uagb-infobox__content-wrap  uagb-infobox-icon-above-title uagb-infobox-image-valign-top\"><div class=\"uagb-ifb-content\"><div class=\"uagb-ifb-title-wrap\"><h3 class=\"uagb-ifb-title\">JAKO\u015a\u0106<\/h3><\/div><p class=\"uagb-ifb-desc\">W naszej palarni stawiamy na jako\u015b\u0107 od pierwszego do ostatniego ziarna. Pracujemy na w\u0142asnych piecach, co daje nam pe\u0142n\u0105 kontrol\u0119 nad procesem palenia. W przypadku mieszanek ka\u017cd\u0105 kaw\u0119 wypalamy osobno \u2013 dopiero p\u00f3\u017aniej \u0142\u0105czymy je w sp\u00f3jn\u0105, zbalansowan\u0105 ca\u0142o\u015b\u0107. To podej\u015bcie rzadko spotykane, ale gwarantuje g\u0142\u0119bi\u0119 smaku i perfekcyjne wydobycie charakteru ka\u017cdego ziarna.<\/p><\/div><\/div>\n\n\n\n<div class=\"wp-block-uagb-info-box uagb-block-76e53e84 uagb-infobox__content-wrap  uagb-infobox-icon-above-title uagb-infobox-image-valign-top\"><div class=\"uagb-ifb-content\"><div class=\"uagb-ifb-title-wrap\"><h3 class=\"uagb-ifb-title\">SPRAWDZONE \u0179R\u00d3D\u0141A<\/h3><\/div><p class=\"uagb-ifb-desc\">Korzystamy wy\u0142\u0105cznie z ziaren pochodz\u0105cych z pewnych, sprawdzonych \u017ar\u00f3de\u0142. Palimy na bie\u017c\u0105co, w ma\u0142ych partiach \u2013 dzi\u0119ki czemu nasza kawa zawsze trafia do klient\u00f3w \u015bwie\u017ca i aromatyczna.<\/p><\/div><\/div>\n\n\n\n<div class=\"wp-block-uagb-info-box uagb-block-ec321f50 uagb-infobox__content-wrap  uagb-infobox-icon-above-title uagb-infobox-image-valign-top\"><div class=\"uagb-ifb-content\"><div class=\"uagb-ifb-title-wrap\"><h3 class=\"uagb-ifb-title\">MISTRZ PALENIA Z 30-LETNIM DO\u015aWIADCZENIEM<\/h3><\/div><p class=\"uagb-ifb-desc\">Za jako\u015b\u0107 odpowiada mi\u0119dzy innymi nasz mistrz palenia z ponad 30-letnim do\u015bwiadczeniem. Dzi\u0119ki jego wiedzy i dba\u0142o\u015bci o ka\u017cdy detal, utrzymujemy najwy\u017csze standardy i oferujemy kaw\u0119, kt\u00f3ra naprawd\u0119 robi r\u00f3\u017cnic\u0119.<br><\/p><\/div><\/div>\n\n\n\n<p><\/p>\n","protected":false},"excerpt":{"rendered":"<p>cafeMia \u2013 kawa, kt\u00f3ra ma charakter Odkryj nasz\u0105 pasj\u0119 do jako\u015bciowej kawy i aromatycznych napoj\u00f3w. Nasza oferta Kawa palona Nasza [&hellip;]<\/p>\n","protected":false},"author":1,"featured_media":0,"parent":0,"menu_order":0,"comment_status":"closed","ping_status":"closed","template":"","meta":{"_surecart_dashboard_logo_width":"180px","_surecart_dashboard_show_logo":true,"_surecart_dashboard_navigation_orders":true,"_surecart_dashboard_navigation_invoices":true,"_surecart_dashboard_navigation_subscriptions":true,"_surecart_dashboard_navigation_downloads":true,"_surecart_dashboard_navigation_billing":true,"_surecart_dashboard_navigation_account":true,"_uag_custom_page_level_css":"","site-sidebar-layout":"default","site-content-layout":"","ast-site-content-layout":"default","site-content-style":"default","site-sidebar-style":"default","ast-global-header-display":"","ast-banner-title-visibility":"","ast-main-header-display":"","ast-hfb-above-header-display":"","ast-hfb-below-header-display":"","ast-hfb-mobile-header-display":"","site-post-title":"disabled","ast-breadcrumbs-content":"","ast-featured-img":"","footer-sml-layout":"","theme-transparent-header-meta":"","adv-header-id-meta":"","stick-header-meta":"","header-above-stick-meta":"","header-main-stick-meta":"","header-below-stick-meta":"","astra-migrate-meta-layouts":"default","ast-page-background-enabled":"default","ast-page-background-meta":{"desktop":{"background-color":"var(--ast-global-color-4)","background-image":"","background-repeat":"repeat","background-position":"center center","background-size":"auto","background-attachment":"scroll","background-type":"","background-media":"","overlay-type":"","overlay-color":"","overlay-opacity":"","overlay-gradient":""},"tablet":{"background-color":"","background-image":"","background-repeat":"repeat","background-position":"center center","background-size":"auto","background-attachment":"scroll","background-type":"","background-media":"","overlay-type":"","overlay-color":"","overlay-opacity":"","overlay-gradient":""},"mobile":{"background-color":"","background-image":"","background-repeat":"repeat","background-position":"center center","background-size":"auto","background-attachment":"scroll","background-type":"","background-media":"","overlay-type":"","overlay-color":"","overlay-opacity":"","overlay-gradient":""}},"ast-content-background-meta":{"desktop":{"background-color":"var(--ast-global-color-5)","background-image":"","background-repeat":"repeat","background-position":"center center","background-size":"auto","background-attachment":"scroll","background-type":"","background-media":"","overlay-type":"","overlay-color":"","overlay-opacity":"","overlay-gradient":""},"tablet":{"background-color":"var(--ast-global-color-5)","background-image":"","background-repeat":"repeat","background-position":"center center","background-size":"auto","background-attachment":"scroll","background-type":"","background-media":"","overlay-type":"","overlay-color":"","overlay-opacity":"","overlay-gradient":""},"mobile":{"background-color":"var(--ast-global-color-5)","background-image":"","background-repeat":"repeat","background-position":"center center","background-size":"auto","background-attachment":"scroll","background-type":"","background-media":"","overlay-type":"","overlay-color":"","overlay-opacity":"","overlay-gradient":""}},"footnotes":""},"class_list":["post-160","page","type-page","status-publish","hentry"],"uagb_featured_image_src":{"full":false,"thumbnail":false,"medium":false,"medium_large":false,"large":false,"1536x1536":false,"2048x2048":false,"woocommerce_thumbnail":false,"woocommerce_single":false,"woocommerce_gallery_thumbnail":false},"uagb_author_info":{"display_name":"Monika","author_link":"https:\/\/na-morze.com\/?author=1"},"uagb_comment_info":0,"uagb_excerpt":"cafeMia \u2013 kawa, kt\u00f3ra ma charakter Odkryj nasz\u0105 pasj\u0119 do jako\u015bciowej kawy i aromatycznych napoj\u00f3w. Nasza oferta Kawa palona Nasza [&hellip;]","jetpack_sharing_enabled":true,"_links":{"self":[{"href":"https:\/\/na-morze.com\/index.php?rest_route=\/wp\/v2\/pages\/160","targetHints":{"allow":["GET"]}}],"collection":[{"href":"https:\/\/na-morze.com\/index.php?rest_route=\/wp\/v2\/pages"}],"about":[{"href":"https:\/\/na-morze.com\/index.php?rest_route=\/wp\/v2\/types\/page"}],"author":[{"embeddable":true,"href":"https:\/\/na-morze.com\/index.php?rest_route=\/wp\/v2\/users\/1"}],"replies":[{"embeddable":true,"href":"https:\/\/na-morze.com\/index.php?rest_route=%2Fwp%2Fv2%2Fcomments&post=160"}],"version-history":[{"count":64,"href":"https:\/\/na-morze.com\/index.php?rest_route=\/wp\/v2\/pages\/160\/revisions"}],"predecessor-version":[{"id":6257,"href":"https:\/\/na-morze.com\/index.php?rest_route=\/wp\/v2\/pages\/160\/revisions\/6257"}],"wp:attachment":[{"href":"https:\/\/na-morze.com\/index.php?rest_route=%2Fwp%2Fv2%2Fmedia&parent=160"}],"curies":[{"name":"wp","href":"https:\/\/api.w.org\/{rel}","templated":true}]}}